{"id":2,"date":"2023-02-16T10:30:53","date_gmt":"2023-02-16T10:30:53","guid":{"rendered":"https:\/\/www.sensormedica.com\/?page_id=2"},"modified":"2025-05-20T06:01:45","modified_gmt":"2025-05-20T06:01:45","slug":"sample-page","status":"publish","type":"page","link":"https:\/\/www.sensormedica.com\/it\/sample-page\/","title":{"rendered":"Pagina di esempio"},"content":{"rendered":"<p>Questa \u00e8 una pagina di esempio. \u00c8 diverso da un post di blog perch\u00e9 rimarr\u00e0 in un unico posto e verr\u00e0 visualizzato nella navigazione del tuo sito (nella maggior parte dei temi). La maggior parte delle persone inizia con una pagina Informazioni che le presenta ai potenziali visitatori del sito. Potrebbe dire qualcosa del genere:<\/p>\n\n\n\n<blockquote class=\"wp-block-quote is-layout-flow wp-block-quote-is-layout-flow\"><p>Ciao! Di giorno lavoro come fattorino in bicicletta, di notte aspirante attore, e questo \u00e8 il mio sito web. Vivo a Los Angeles, ho un bellissimo cane di nome Jack e mi piacciono le pi\u00f1a colada. (E farsi sorprendere dalla pioggia.)<\/p><\/blockquote>\n\n\n\n<p>\u2026o qualcosa del genere:<\/p>\n\n\n\n<blockquote class=\"wp-block-quote is-layout-flow wp-block-quote-is-layout-flow\"><p>La XYZ Doohickey Company \u00e8 stata fondata nel 1971 e da allora fornisce al pubblico doohickey di qualit\u00e0. Situato a Gotham City, XYZ impiega oltre 2.000 persone e fa ogni genere di cose fantastiche per la comunit\u00e0 di Gotham.<\/p><\/blockquote>\n\n\n\n<p>Come nuovo utente di WordPress, dovresti andare a <a href=\"https:\/\/www.sensormedica.com\/wp-admin\/\">il tuo cruscotto<\/a> per eliminare questa pagina e creare nuove pagine per i tuoi contenuti. Divertiti!<\/p>","protected":false},"excerpt":{"rendered":"<p>Questa \u00e8 una pagina di esempio. \u00c8 diverso da un post di blog perch\u00e9 rimarr\u00e0 in un unico posto e verr\u00e0 visualizzato nella navigazione del tuo sito (nella maggior parte dei temi). La maggior parte delle persone inizia con una pagina Informazioni che le presenta ai potenziali visitatori del sito. Potrebbe dire qualcosa del genere: Ciao! Sono un fattorino in bicicletta...<\/p>\n<p class=\"read-more\"> <a class=\"\" href=\"https:\/\/www.sensormedica.com\/it\/sample-page\/\"> <span class=\"screen-reader-text\">Pagina di esempio<\/span> Leggi altro \u00bb<\/a><\/p>","protected":false},"author":1,"featured_media":0,"parent":0,"menu_order":0,"comment_status":"closed","ping_status":"open","template":"","meta":{"site-sidebar-layout":"default","site-content-layout":"","ast-site-content-layout":"","site-content-style":"default","site-sidebar-style":"default","ast-global-header-display":"","ast-banner-title-visibility":"","ast-main-header-display":"","ast-hfb-above-header-display":"","ast-hfb-below-header-display":"","ast-hfb-mobile-header-display":"","site-post-title":"","ast-breadcrumbs-content":"","ast-featured-img":"","footer-sml-layout":"","theme-transparent-header-meta":"","adv-header-id-meta":"","stick-header-meta":"","header-above-stick-meta":"","header-main-stick-meta":"","header-below-stick-meta":"","astra-migrate-meta-layouts":"","footnotes":""},"class_list":["post-2","page","type-page","status-publish","hentry"],"yoast_head":"<!-- This site is optimized with the Yoast SEO Premium plugin v21.6 (Yoast SEO v21.6) - https:\/\/yoast.com\/wordpress\/plugins\/seo\/ -->\n<title>Sample Page - Sensor Medica<\/title>\n<meta name=\"robots\" content=\"index, follow, max-snippet:-1, max-image-preview:large, max-video-preview:-1\" \/>\n<link rel=\"canonical\" href=\"https:\/\/www.sensormedica.com\/it\/sample-page\/\" \/>\n<meta property=\"og:locale\" content=\"it_IT\" \/>\n<meta property=\"og:type\" content=\"article\" \/>\n<meta property=\"og:title\" content=\"Sample Page\" \/>\n<meta property=\"og:description\" content=\"This is an example page. It&#8217;s different from a blog post because it will stay in one place and will show up in your site navigation (in most themes). Most people start with an About page that introduces them to potential site visitors. It might say something like this: Hi there! I&#8217;m a bike messenger &hellip; Sample Page Leggi altro &raquo;\" \/>\n<meta property=\"og:url\" content=\"https:\/\/www.sensormedica.com\/it\/sample-page\/\" \/>\n<meta property=\"og:site_name\" content=\"Sensor Medica\" \/>\n<meta property=\"article:modified_time\" content=\"2025-05-20T06:01:45+00:00\" \/>\n<meta name=\"twitter:card\" content=\"summary_large_image\" \/>\n<meta name=\"twitter:label1\" content=\"Tempo di lettura stimato\" \/>\n\t<meta name=\"twitter:data1\" content=\"1 minuto\" \/>\n<script type=\"application\/ld+json\" class=\"yoast-schema-graph\">{\"@context\":\"https:\/\/schema.org\",\"@graph\":[{\"@type\":\"WebPage\",\"@id\":\"https:\/\/www.sensormedica.com\/sample-page\/\",\"url\":\"https:\/\/www.sensormedica.com\/sample-page\/\",\"name\":\"Sample Page - Sensor Medica\",\"isPartOf\":{\"@id\":\"https:\/\/www.sensormedica.com\/#website\"},\"datePublished\":\"2023-02-16T10:30:53+00:00\",\"dateModified\":\"2025-05-20T06:01:45+00:00\",\"breadcrumb\":{\"@id\":\"https:\/\/www.sensormedica.com\/sample-page\/#breadcrumb\"},\"inLanguage\":\"it-IT\",\"potentialAction\":[{\"@type\":\"ReadAction\",\"target\":[\"https:\/\/www.sensormedica.com\/sample-page\/\"]}]},{\"@type\":\"BreadcrumbList\",\"@id\":\"https:\/\/www.sensormedica.com\/sample-page\/#breadcrumb\",\"itemListElement\":[{\"@type\":\"ListItem\",\"position\":1,\"name\":\"Home\",\"item\":\"https:\/\/www.sensormedica.com\/\"},{\"@type\":\"ListItem\",\"position\":2,\"name\":\"Sample Page\"}]},{\"@type\":\"WebSite\",\"@id\":\"https:\/\/www.sensormedica.com\/#website\",\"url\":\"https:\/\/www.sensormedica.com\/\",\"name\":\"Sensor Medica\",\"description\":\"Technology in Motion\",\"potentialAction\":[{\"@type\":\"SearchAction\",\"target\":{\"@type\":\"EntryPoint\",\"urlTemplate\":\"https:\/\/www.sensormedica.com\/?s={search_term_string}\"},\"query-input\":\"required name=search_term_string\"}],\"inLanguage\":\"it-IT\"}]}<\/script>\n<!-- \/ Yoast SEO Premium plugin. -->","yoast_head_json":{"title":"Sample Page - Sensor Medica","robots":{"index":"index","follow":"follow","max-snippet":"max-snippet:-1","max-image-preview":"max-image-preview:large","max-video-preview":"max-video-preview:-1"},"canonical":"https:\/\/www.sensormedica.com\/it\/sample-page\/","og_locale":"it_IT","og_type":"article","og_title":"Sample Page","og_description":"This is an example page. It&#8217;s different from a blog post because it will stay in one place and will show up in your site navigation (in most themes). Most people start with an About page that introduces them to potential site visitors. It might say something like this: Hi there! I&#8217;m a bike messenger &hellip; Sample Page Leggi altro &raquo;","og_url":"https:\/\/www.sensormedica.com\/it\/sample-page\/","og_site_name":"Sensor Medica","article_modified_time":"2025-05-20T06:01:45+00:00","twitter_card":"summary_large_image","twitter_misc":{"Tempo di lettura stimato":"1 minuto"},"schema":{"@context":"https:\/\/schema.org","@graph":[{"@type":"WebPage","@id":"https:\/\/www.sensormedica.com\/sample-page\/","url":"https:\/\/www.sensormedica.com\/sample-page\/","name":"Sample Page - Sensor Medica","isPartOf":{"@id":"https:\/\/www.sensormedica.com\/#website"},"datePublished":"2023-02-16T10:30:53+00:00","dateModified":"2025-05-20T06:01:45+00:00","breadcrumb":{"@id":"https:\/\/www.sensormedica.com\/sample-page\/#breadcrumb"},"inLanguage":"it-IT","potentialAction":[{"@type":"ReadAction","target":["https:\/\/www.sensormedica.com\/sample-page\/"]}]},{"@type":"BreadcrumbList","@id":"https:\/\/www.sensormedica.com\/sample-page\/#breadcrumb","itemListElement":[{"@type":"ListItem","position":1,"name":"Home","item":"https:\/\/www.sensormedica.com\/"},{"@type":"ListItem","position":2,"name":"Sample Page"}]},{"@type":"WebSite","@id":"https:\/\/www.sensormedica.com\/#website","url":"https:\/\/www.sensormedica.com\/","name":"Sensor Medica","description":"Technology in Motion","potentialAction":[{"@type":"SearchAction","target":{"@type":"EntryPoint","urlTemplate":"https:\/\/www.sensormedica.com\/?s={search_term_string}"},"query-input":"required name=search_term_string"}],"inLanguage":"it-IT"}]}},"_links":{"self":[{"href":"https:\/\/www.sensormedica.com\/it\/wp-json\/wp\/v2\/pages\/2","targetHints":{"allow":["GET"]}}],"collection":[{"href":"https:\/\/www.sensormedica.com\/it\/wp-json\/wp\/v2\/pages"}],"about":[{"href":"https:\/\/www.sensormedica.com\/it\/wp-json\/wp\/v2\/types\/page"}],"author":[{"embeddable":true,"href":"https:\/\/www.sensormedica.com\/it\/wp-json\/wp\/v2\/users\/1"}],"replies":[{"embeddable":true,"href":"https:\/\/www.sensormedica.com\/it\/wp-json\/wp\/v2\/comments?post=2"}],"version-history":[{"count":1,"href":"https:\/\/www.sensormedica.com\/it\/wp-json\/wp\/v2\/pages\/2\/revisions"}],"predecessor-version":[{"id":12709,"href":"https:\/\/www.sensormedica.com\/it\/wp-json\/wp\/v2\/pages\/2\/revisions\/12709"}],"wp:attachment":[{"href":"https:\/\/www.sensormedica.com\/it\/wp-json\/wp\/v2\/media?parent=2"}],"curies":[{"name":"wp","href":"https:\/\/api.w.org\/{rel}","templated":true}]}}