{"id":1176,"date":"2023-03-24T08:49:45","date_gmt":"2023-03-24T08:49:45","guid":{"rendered":"https:\/\/www.sensormedica.com\/?page_id=1176"},"modified":"2025-05-20T06:01:27","modified_gmt":"2025-05-20T06:01:27","slug":"billing-and-coding-guidance","status":"publish","type":"page","link":"https:\/\/www.sensormedica.com\/it\/billing-and-coding-guidance\/","title":{"rendered":"Guida alla fatturazione e alla codifica"},"content":{"rendered":"<div data-elementor-type=\"wp-page\" data-elementor-id=\"1176\" class=\"elementor elementor-1176\" data-elementor-post-type=\"page\">\n\t\t\t\t\t\t<section class=\"elementor-section elementor-top-section elementor-element elementor-element-782a3e08 elementor-section-height-min-height elementor-section-boxed elementor-section-height-default elementor-section-items-middle\" data-id=\"782a3e08\" data-element_type=\"section\" data-settings=\"{&quot;background_background&quot;:&quot;classic&quot;}\">\n\t\t\t\t\t\t\t<div class=\"elementor-background-overlay\"><\/div>\n\t\t\t\t\t\t\t<div class=\"elementor-container elementor-column-gap-default\">\n\t\t\t\t\t<div class=\"elementor-column elementor-col-100 elementor-top-column elementor-element elementor-element-67e7a957\" data-id=\"67e7a957\" data-element_type=\"column\">\n\t\t\t<div class=\"elementor-widget-wrap elementor-element-populated\">\n\t\t\t\t\t\t<div class=\"elementor-element elementor-element-19172bda elementor-widget__width-initial elementor-widget elementor-widget-heading\" data-id=\"19172bda\" data-element_type=\"widget\" data-widget_type=\"heading.default\">\n\t\t\t\t<div class=\"elementor-widget-container\">\n\t\t\t<style>\/*! elementor - v3.23.0 - 05-08-2024 *\/\n.elementor-heading-title{padding:0;margin:0;line-height:1}.elementor-widget-heading .elementor-heading-title[class*=elementor-size-]>a{color:inherit;font-size:inherit;line-height:inherit}.elementor-widget-heading .elementor-heading-title.elementor-size-small{font-size:15px}.elementor-widget-heading .elementor-heading-title.elementor-size-medium{font-size:19px}.elementor-widget-heading .elementor-heading-title.elementor-size-large{font-size:29px}.elementor-widget-heading .elementor-heading-title.elementor-size-xl{font-size:39px}.elementor-widget-heading .elementor-heading-title.elementor-size-xxl{font-size:59px}<\/style><h2 class=\"elementor-heading-title elementor-size-default\">Guida alla fatturazione e alla codifica<\/h2>\t\t<\/div>\n\t\t\t\t<\/div>\n\t\t\t\t\t<\/div>\n\t\t<\/div>\n\t\t\t\t\t<\/div>\n\t\t<\/section>\n\t\t\t\t<section class=\"elementor-section elementor-top-section elementor-element elementor-element-3da9a87 elementor-section-boxed elementor-section-height-default elementor-section-height-default\" data-id=\"3da9a87\" data-element_type=\"section\" data-settings=\"{&quot;background_background&quot;:&quot;classic&quot;}\">\n\t\t\t\t\t\t<div class=\"elementor-container elementor-column-gap-default\">\n\t\t\t\t\t<div class=\"elementor-column elementor-col-100 elementor-top-column elementor-element elementor-element-29cff25\" data-id=\"29cff25\" data-element_type=\"column\">\n\t\t\t<div class=\"elementor-widget-wrap elementor-element-populated\">\n\t\t\t\t\t\t<div class=\"elementor-element elementor-element-f48099a elementor-widget elementor-widget-text-editor\" data-id=\"f48099a\" data-element_type=\"widget\" data-widget_type=\"text-editor.default\">\n\t\t\t\t<div class=\"elementor-widget-container\">\n\t\t\t<style>\/*! elementor - v3.23.0 - 05-08-2024 *\/\n.elementor-widget-text-editor.elementor-drop-cap-view-stacked .elementor-drop-cap{background-color:#69727d;color:#fff}.elementor-widget-text-editor.elementor-drop-cap-view-framed .elementor-drop-cap{color:#69727d;border:3px solid;background-color:transparent}.elementor-widget-text-editor:not(.elementor-drop-cap-view-default) .elementor-drop-cap{margin-top:8px}.elementor-widget-text-editor:not(.elementor-drop-cap-view-default) .elementor-drop-cap-letter{width:1em;height:1em}.elementor-widget-text-editor .elementor-drop-cap{float:left;text-align:center;line-height:1;font-size:50px}.elementor-widget-text-editor .elementor-drop-cap-letter{display:inline-block}<\/style>\t\t\t\t<p><strong>Servizi forniti come parte importante del processo decisionale terapeutico\/diagnostico. Servizi forniti nel reparto di analisi del movimento dedicato con le seguenti funzionalit\u00e0: Cinetica 3D\/elettromiografia dinamica Cinematica 3D computerizzata Videoregistrazione da davanti\/dietro\/entrambi i lati<\/strong><\/p><p><strong>Analisi dell&#039;andatura 3D<\/strong><br \/><strong>CPT\u00ae 96001 \u2013 Test di movimento 3D con analisi della pressione del piede<\/strong><br \/><strong>CPT\u00ae 96004 \u2013 Interpretazione del medico del test motorio<\/strong><\/p><p>Sistemi Sensor Medica:<\/p><ul><li><strong>Moover<\/strong> Andatura + <strong>FreeMed <\/strong>Passerelle + Videocamere (minimo 2)<\/li><li><strong>Moover<\/strong> Andatura + <strong>FlexInFit <\/strong>Sensori nella scarpa + videocamere (minimo 2)<\/li><li><strong>Moover <\/strong>Andatura + <strong>Runtime <\/strong>Tapis roulant + Videocamere (minimo 2)<\/li><\/ul><p>L&#039;analisi del movimento umano ha diverse applicazioni, tra cui le prestazioni biomediche e atletiche. Per condurre un&#039;analisi biomedica, i movimenti del paziente vengono registrati, digitalizzati, copiati su computer ed elaborati. Ad esempio, quando si calcolano i momenti netti del giunto, il centro del giunto viene calcolato utilizzando un sistema di coordinate locale creato dai marcatori del corpo. Quando si tracciano i marcatori in 3D utilizzando il video, vengono utilizzate due o pi\u00f9 telecamere per identificare i marcatori. Dopo che tutti i parametri sono stati trovati, \u00e8 possibile calcolare le forze e i movimenti articolari netti risultanti. Nella cinematica 3D, i centri articolari vengono digitalizzati per i primi fotogrammi della sequenza registrata. I parametri lineari del movimento possono essere misurati per valutare il movimento orizzontale e verticale. Inoltre, i parametri angolari possono misurare i gradi di movimento delle articolazioni per analizzare il movimento articolare specifico. In\u00a0<span style=\"color: #ff6600;\"><a style=\"color: #ff6600;\" href=\"https:\/\/www.encoderpro.com\/epro\/cptHandler.do?_k=101*96001&amp;_a=view\"><strong>96001<\/strong><\/a><\/span>, durante le misurazioni dinamiche della pressione plantare, i dati vengono raccolti utilizzando una piattaforma di sensori di pressione posizionata su una passerella. Il paziente cammina lungo la passerella in modo che i dati sulla pressione possano essere analizzati nelle aree del piede (p. es., il tallone, le teste metatarsali e l&#039;alluce). La pressione di picco viene determinata in tutte le aree e viene misurata la pressione pi\u00f9 alta di tutti i siti (vale a dire, la pressione di picco piede). Rapporto\u00a0<span style=\"color: #ff6600;\"><a style=\"color: #ff6600;\" href=\"https:\/\/www.encoderpro.com\/epro\/cptHandler.do?_k=101*96004&amp;_a=view\"><strong>96004<\/strong><\/a>\u00a0<\/span>oltre a ciascuno di questi codici per la revisione medica e l&#039;interpretazione dei risultati, che include il referto scritto del medico.<\/p><p><strong>EMG<br \/>CPT\u00ae 96002 \u2013 Elettromiografia dinamica di superficie, durante la deambulazione o altre attivit\u00e0 funzionali 1-12 muscoli<\/strong><\/p><p>Sistemi SensorMedica:<\/p><ul><li><strong>EMG<\/strong><\/li><\/ul><p>Gli elettrodi posti sul ventre muscolare, paralleli alla grana della fibra muscolare, rilevano un segnale elettrico che proviene dai muscoli attivi (il paziente \u00e8 in movimento durante il test). La forza e lo schema del segnale vengono visualizzati sullo schermo di un computer e i dati vengono raccolti in un programma software in grado di eseguire varie analisi dei dati per creare report utili sulla funzione muscolare. Ad esempio, l&#039;analisi dell&#039;andatura consente al medico di analizzare i modelli di attivazione del tempo normale separatamente per le fasi di appoggio e oscillazione tra le condizioni o rispetto ai valori del database. Rapporto\u00a0<span style=\"color: #ff6600;\"><a style=\"color: #ff6600;\" href=\"https:\/\/www.encoderpro.com\/epro\/cptHandler.do?_k=101*96002&amp;_a=view\"><strong>96002<\/strong><\/a>\u00a0<\/span>per uno studio di uno a\u00a0<span style=\"color: #ff6600;\"><a style=\"color: #ff6600;\" href=\"https:\/\/www.encoderpro.com\/epro\/i9v3Handler.do?_k=104*12&amp;_a=view\"><strong>12<\/strong><\/a>\u00a0<\/span>muscoli.<\/p><p><strong>Se hai un terapista occupazionale e\/o un fisioterapista nel tuo ufficio<\/strong><\/p><p><strong>Valutazione della tecnologia assistiva<\/strong><br \/><strong>CPT\u00ae 97755 \u2013 Fattura 2 unit\u00e0<\/strong><br \/>Valutazione dell&#039;andatura 2D, test dell&#039;equilibrio<\/p><p>Sistemi Sensor Medica:<\/p><ul><li><strong>FreeMed <\/strong>Passerelle<\/li><li><strong>FlexInFit <\/strong>Sensori nella scarpa<\/li><li><strong>Runtime <\/strong>Treadmill<\/li><\/ul><p>Un operatore sanitario esegue una valutazione dell&#039;idoneit\u00e0 e dei vantaggi dell&#039;acquisizione di qualsiasi dispositivo o attrezzatura di tecnologia assistiva che ripristiner\u00e0, aumenter\u00e0 o compenser\u00e0 l&#039;abilit\u00e0 funzionale esistente nel paziente o che ottimizzer\u00e0 le attivit\u00e0 funzionali e\/o massimizzer\u00e0 l&#039;accessibilit\u00e0 ambientale del paziente. Questo codice viene segnalato per il tempo di contatto individuale con il paziente, per\u00a0<span style=\"color: #ff6600;\"><a style=\"color: #ff6600;\" href=\"https:\/\/www.encoderpro.com\/epro\/i9v3Handler.do?_k=104*15&amp;_a=view\">15<\/a>\u00a0<\/span>verbale, e prevede la predisposizione di una relazione scritta.<\/p><p><strong>Prova di prestazione fisica<\/strong><br \/><strong>CPT\u00ae 97750 \u2013 Fattura 2 unit\u00e0<\/strong><br \/>Gamma di movimento<\/p><p>Sistemi Sensor Medica:<\/p><ul><li><strong>Moover One <\/strong>Gamma di movimento<\/li><\/ul><p>L&#039;operatore sanitario esegue un test delle prestazioni fisiche valutando la funzione di una o pi\u00f9 aree del corpo e valuta la capacit\u00e0 funzionale. \u00c8 inclusa una relazione scritta. Questo \u00e8 in aggiunta a una valutazione o rivalutazione di routine (<span style=\"color: #ff6600;\"><a style=\"color: #ff6600;\" href=\"https:\/\/www.encoderpro.com\/epro\/cptHandler.do?_k=101*97161&amp;_a=view\"><strong>97161<\/strong><\/a><\/span>&#8211;<span style=\"color: #ff6600;\"><a style=\"color: #ff6600;\" href=\"https:\/\/www.encoderpro.com\/epro\/cptHandler.do?_k=101*97172&amp;_a=view\"><strong>97172<\/strong><\/a><\/span>). Questo codice pu\u00f2 essere riportato in\u00a0<span style=\"color: #ff6600;\"><a style=\"color: #ff6600;\" href=\"https:\/\/www.encoderpro.com\/epro\/i9v3Handler.do?_k=104*15&amp;_a=view\"><strong>15<\/strong><\/a><\/span>incrementi di un minuto.<\/p>\t\t\t\t\t\t<\/div>\n\t\t\t\t<\/div>\n\t\t\t\t<div class=\"elementor-element elementor-element-4f8c341 elementor-widget elementor-widget-text-editor\" data-id=\"4f8c341\" data-element_type=\"widget\" data-widget_type=\"text-editor.default\">\n\t\t\t\t<div class=\"elementor-widget-container\">\n\t\t\t\t\t\t\t<p><span style=\"font-size: 14pt;\"><strong>Queste dichiarazioni dovrebbero essere aggiunte ogni volta che si menziona il rimborso.<br \/><\/strong><\/span>Sensormedica non dichiara n\u00e9 garantisce che queste informazioni siano complete, accurate o applicabili a un particolare paziente o terzo pagatore. Sensormedica declina ogni responsabilit\u00e0 per qualsiasi conseguenza derivante dall&#039;aver fatto affidamento su questo documento. La decisione finale sulla fatturazione di qualsiasi servizio deve essere presa dall&#039;operatore sanitario tenendo conto della necessit\u00e0 medica del servizio fornito, nonch\u00e9 dei requisiti di terze parti paganti e di eventuali leggi e regolamenti locali, statali o federali applicabili. Sensormedica fornisce queste informazioni a titolo educativo con la consapevolezza che Sensormedica non \u00e8 impegnata nella resa della contabilit\u00e0 o di altri servizi professionali. Gli operatori sanitari dovrebbero consultare i propri consulenti in merito a codifica, copertura e pagamento.<\/p><p>CPT\u00ae copyright 2022 Associazione medica americana. Tutti i diritti riservati. CPT\u00ae \u00e8 un marchio registrato dell&#039;American Medical Association. Le restrizioni FARS\/DFARS applicabili si applicano all&#039;uso governativo. Schede tariffarie, unit\u00e0 di valore relativo, fattori di conversione e\/o componenti correlati non sono assegnati dall&#039;AMA, non fanno parte del CPT e l&#039;AMA non ne raccomanda l&#039;uso. L&#039;AMA non esercita direttamente o indirettamente la medicina n\u00e9 eroga servizi medici. L&#039;AMA non si assume alcuna responsabilit\u00e0 per i dati contenuti o non contenuti nel presente documento.<\/p>\t\t\t\t\t\t<\/div>\n\t\t\t\t<\/div>\n\t\t\t\t\t<\/div>\n\t\t<\/div>\n\t\t\t\t\t<\/div>\n\t\t<\/section>\n\t\t\t\t<\/div>","protected":false},"excerpt":{"rendered":"<p>Servizi forniti come parte importante del processo decisionale terapeutico\/diagnostico. Servizi forniti nel reparto dedicato all&#039;analisi del movimento con le seguenti funzionalit\u00e0: Cinetica 3D\/elettromiografia dinamica Cinematica 3D computerizzata Videoregistrazione da davanti\/dietro\/entrambi i lati Analisi dell&#039;andatura 3DCPT\u00ae 96001 \u2013 Test del movimento 3D con analisi della pressione del piedeCPT\u00ae 96004 \u2013 Interpretazione del medico del test del movimento Sensore Sistemi Medica: Moover Gait + freeMed Walkways\u2026<\/p>\n<p class=\"read-more\"> <a class=\"\" href=\"https:\/\/www.sensormedica.com\/it\/billing-and-coding-guidance\/\"> <span class=\"screen-reader-text\">Guida alla fatturazione e alla codifica<\/span> Leggi altro \u00bb<\/a><\/p>","protected":false},"author":1,"featured_media":0,"parent":0,"menu_order":0,"comment_status":"closed","ping_status":"closed","template":"","meta":{"site-sidebar-layout":"no-sidebar","site-content-layout":"page-builder","ast-site-content-layout":"","site-content-style":"default","site-sidebar-style":"default","ast-global-header-display":"","ast-banner-title-visibility":"","ast-main-header-display":"","ast-hfb-above-header-display":"","ast-hfb-below-header-display":"","ast-hfb-mobile-header-display":"","site-post-title":"disabled","ast-breadcrumbs-content":"","ast-featured-img":"disabled","footer-sml-layout":"","theme-transparent-header-meta":"","adv-header-id-meta":"","stick-header-meta":"","header-above-stick-meta":"","header-main-stick-meta":"","header-below-stick-meta":"","astra-migrate-meta-layouts":"","footnotes":""},"class_list":["post-1176","page","type-page","status-publish","hentry"],"yoast_head":"<!-- This site is optimized with the Yoast SEO Premium plugin v21.6 (Yoast SEO v21.6) - https:\/\/yoast.com\/wordpress\/plugins\/seo\/ -->\n<title>Billing and Coding Guidance - Sensor Medica<\/title>\n<meta name=\"robots\" content=\"index, follow, max-snippet:-1, max-image-preview:large, max-video-preview:-1\" \/>\n<link rel=\"canonical\" href=\"https:\/\/www.sensormedica.com\/it\/billing-and-coding-guidance\/\" \/>\n<meta property=\"og:locale\" content=\"it_IT\" \/>\n<meta property=\"og:type\" content=\"article\" \/>\n<meta property=\"og:title\" content=\"Billing and Coding Guidance\" \/>\n<meta property=\"og:description\" content=\"Services provided as part major therapeutic\/diagnostic decision making. \u00a0Services provided in dedicated motion analysis department with these capabilities: 3D kinetics\/dynamic electromyography Computerized 3D kinematics Videotaping from front\/back\/both sides 3D Gait AnalysisCPT\u00ae 96001 &#8211; 3D Motion test w\/ foot pressure analysisCPT\u00ae 96004 &#8211; Physician interpretation of motion test Sensor Medica Systems: Moover Gait + freeMed Walkways &hellip; Billing and Coding Guidance Leggi altro &raquo;\" \/>\n<meta property=\"og:url\" content=\"https:\/\/www.sensormedica.com\/it\/billing-and-coding-guidance\/\" \/>\n<meta property=\"og:site_name\" content=\"Sensor Medica\" \/>\n<meta property=\"article:modified_time\" content=\"2025-05-20T06:01:27+00:00\" \/>\n<meta name=\"twitter:card\" content=\"summary_large_image\" \/>\n<meta name=\"twitter:label1\" content=\"Tempo di lettura stimato\" \/>\n\t<meta name=\"twitter:data1\" content=\"4 minuti\" \/>\n<script type=\"application\/ld+json\" class=\"yoast-schema-graph\">{\"@context\":\"https:\/\/schema.org\",\"@graph\":[{\"@type\":\"WebPage\",\"@id\":\"https:\/\/www.sensormedica.com\/billing-and-coding-guidance\/\",\"url\":\"https:\/\/www.sensormedica.com\/billing-and-coding-guidance\/\",\"name\":\"Billing and Coding Guidance - Sensor Medica\",\"isPartOf\":{\"@id\":\"https:\/\/www.sensormedica.com\/#website\"},\"datePublished\":\"2023-03-24T08:49:45+00:00\",\"dateModified\":\"2025-05-20T06:01:27+00:00\",\"breadcrumb\":{\"@id\":\"https:\/\/www.sensormedica.com\/billing-and-coding-guidance\/#breadcrumb\"},\"inLanguage\":\"it-IT\",\"potentialAction\":[{\"@type\":\"ReadAction\",\"target\":[\"https:\/\/www.sensormedica.com\/billing-and-coding-guidance\/\"]}]},{\"@type\":\"BreadcrumbList\",\"@id\":\"https:\/\/www.sensormedica.com\/billing-and-coding-guidance\/#breadcrumb\",\"itemListElement\":[{\"@type\":\"ListItem\",\"position\":1,\"name\":\"Home\",\"item\":\"https:\/\/www.sensormedica.com\/\"},{\"@type\":\"ListItem\",\"position\":2,\"name\":\"Billing and Coding Guidance\"}]},{\"@type\":\"WebSite\",\"@id\":\"https:\/\/www.sensormedica.com\/#website\",\"url\":\"https:\/\/www.sensormedica.com\/\",\"name\":\"Sensor Medica\",\"description\":\"Technology in Motion\",\"potentialAction\":[{\"@type\":\"SearchAction\",\"target\":{\"@type\":\"EntryPoint\",\"urlTemplate\":\"https:\/\/www.sensormedica.com\/?s={search_term_string}\"},\"query-input\":\"required name=search_term_string\"}],\"inLanguage\":\"it-IT\"}]}<\/script>\n<!-- \/ Yoast SEO Premium plugin. -->","yoast_head_json":{"title":"Billing and Coding Guidance - Sensor Medica","robots":{"index":"index","follow":"follow","max-snippet":"max-snippet:-1","max-image-preview":"max-image-preview:large","max-video-preview":"max-video-preview:-1"},"canonical":"https:\/\/www.sensormedica.com\/it\/billing-and-coding-guidance\/","og_locale":"it_IT","og_type":"article","og_title":"Billing and Coding Guidance","og_description":"Services provided as part major therapeutic\/diagnostic decision making. \u00a0Services provided in dedicated motion analysis department with these capabilities: 3D kinetics\/dynamic electromyography Computerized 3D kinematics Videotaping from front\/back\/both sides 3D Gait AnalysisCPT\u00ae 96001 &#8211; 3D Motion test w\/ foot pressure analysisCPT\u00ae 96004 &#8211; Physician interpretation of motion test Sensor Medica Systems: Moover Gait + freeMed Walkways &hellip; Billing and Coding Guidance Leggi altro &raquo;","og_url":"https:\/\/www.sensormedica.com\/it\/billing-and-coding-guidance\/","og_site_name":"Sensor Medica","article_modified_time":"2025-05-20T06:01:27+00:00","twitter_card":"summary_large_image","twitter_misc":{"Tempo di lettura stimato":"4 minuti"},"schema":{"@context":"https:\/\/schema.org","@graph":[{"@type":"WebPage","@id":"https:\/\/www.sensormedica.com\/billing-and-coding-guidance\/","url":"https:\/\/www.sensormedica.com\/billing-and-coding-guidance\/","name":"Billing and Coding Guidance - Sensor Medica","isPartOf":{"@id":"https:\/\/www.sensormedica.com\/#website"},"datePublished":"2023-03-24T08:49:45+00:00","dateModified":"2025-05-20T06:01:27+00:00","breadcrumb":{"@id":"https:\/\/www.sensormedica.com\/billing-and-coding-guidance\/#breadcrumb"},"inLanguage":"it-IT","potentialAction":[{"@type":"ReadAction","target":["https:\/\/www.sensormedica.com\/billing-and-coding-guidance\/"]}]},{"@type":"BreadcrumbList","@id":"https:\/\/www.sensormedica.com\/billing-and-coding-guidance\/#breadcrumb","itemListElement":[{"@type":"ListItem","position":1,"name":"Home","item":"https:\/\/www.sensormedica.com\/"},{"@type":"ListItem","position":2,"name":"Billing and Coding Guidance"}]},{"@type":"WebSite","@id":"https:\/\/www.sensormedica.com\/#website","url":"https:\/\/www.sensormedica.com\/","name":"Sensor Medica","description":"Technology in Motion","potentialAction":[{"@type":"SearchAction","target":{"@type":"EntryPoint","urlTemplate":"https:\/\/www.sensormedica.com\/?s={search_term_string}"},"query-input":"required name=search_term_string"}],"inLanguage":"it-IT"}]}},"_links":{"self":[{"href":"https:\/\/www.sensormedica.com\/it\/wp-json\/wp\/v2\/pages\/1176","targetHints":{"allow":["GET"]}}],"collection":[{"href":"https:\/\/www.sensormedica.com\/it\/wp-json\/wp\/v2\/pages"}],"about":[{"href":"https:\/\/www.sensormedica.com\/it\/wp-json\/wp\/v2\/types\/page"}],"author":[{"embeddable":true,"href":"https:\/\/www.sensormedica.com\/it\/wp-json\/wp\/v2\/users\/1"}],"replies":[{"embeddable":true,"href":"https:\/\/www.sensormedica.com\/it\/wp-json\/wp\/v2\/comments?post=1176"}],"version-history":[{"count":1,"href":"https:\/\/www.sensormedica.com\/it\/wp-json\/wp\/v2\/pages\/1176\/revisions"}],"predecessor-version":[{"id":12698,"href":"https:\/\/www.sensormedica.com\/it\/wp-json\/wp\/v2\/pages\/1176\/revisions\/12698"}],"wp:attachment":[{"href":"https:\/\/www.sensormedica.com\/it\/wp-json\/wp\/v2\/media?parent=1176"}],"curies":[{"name":"wp","href":"https:\/\/api.w.org\/{rel}","templated":true}]}}