{"id":1176,"date":"2023-03-24T08:49:45","date_gmt":"2023-03-24T08:49:45","guid":{"rendered":"https:\/\/www.sensormedica.com\/?page_id=1176"},"modified":"2025-05-20T06:01:27","modified_gmt":"2025-05-20T06:01:27","slug":"billing-and-coding-guidance","status":"publish","type":"page","link":"https:\/\/www.sensormedica.com\/fr\/billing-and-coding-guidance\/","title":{"rendered":"Guide de facturation et de codage"},"content":{"rendered":"<div data-elementor-type=\"wp-page\" data-elementor-id=\"1176\" class=\"elementor elementor-1176\" data-elementor-post-type=\"page\">\n\t\t\t\t\t\t<section class=\"elementor-section elementor-top-section elementor-element elementor-element-782a3e08 elementor-section-height-min-height elementor-section-boxed elementor-section-height-default elementor-section-items-middle\" data-id=\"782a3e08\" data-element_type=\"section\" data-settings=\"{&quot;background_background&quot;:&quot;classic&quot;}\">\n\t\t\t\t\t\t\t<div class=\"elementor-background-overlay\"><\/div>\n\t\t\t\t\t\t\t<div class=\"elementor-container elementor-column-gap-default\">\n\t\t\t\t\t<div class=\"elementor-column elementor-col-100 elementor-top-column elementor-element elementor-element-67e7a957\" data-id=\"67e7a957\" data-element_type=\"column\">\n\t\t\t<div class=\"elementor-widget-wrap elementor-element-populated\">\n\t\t\t\t\t\t<div class=\"elementor-element elementor-element-19172bda elementor-widget__width-initial elementor-widget elementor-widget-heading\" data-id=\"19172bda\" data-element_type=\"widget\" data-widget_type=\"heading.default\">\n\t\t\t\t<div class=\"elementor-widget-container\">\n\t\t\t<style>\/*! elementor - v3.23.0 - 05-08-2024 *\/\n.elementor-heading-title{padding:0;margin:0;line-height:1}.elementor-widget-heading .elementor-heading-title[class*=elementor-size-]>a{color:inherit;font-size:inherit;line-height:inherit}.elementor-widget-heading .elementor-heading-title.elementor-size-small{font-size:15px}.elementor-widget-heading .elementor-heading-title.elementor-size-medium{font-size:19px}.elementor-widget-heading .elementor-heading-title.elementor-size-large{font-size:29px}.elementor-widget-heading .elementor-heading-title.elementor-size-xl{font-size:39px}.elementor-widget-heading .elementor-heading-title.elementor-size-xxl{font-size:59px}<\/style><h2 class=\"elementor-heading-title elementor-size-default\">Guide de facturation et de codage<\/h2>\t\t<\/div>\n\t\t\t\t<\/div>\n\t\t\t\t\t<\/div>\n\t\t<\/div>\n\t\t\t\t\t<\/div>\n\t\t<\/section>\n\t\t\t\t<section class=\"elementor-section elementor-top-section elementor-element elementor-element-3da9a87 elementor-section-boxed elementor-section-height-default elementor-section-height-default\" data-id=\"3da9a87\" data-element_type=\"section\" data-settings=\"{&quot;background_background&quot;:&quot;classic&quot;}\">\n\t\t\t\t\t\t<div class=\"elementor-container elementor-column-gap-default\">\n\t\t\t\t\t<div class=\"elementor-column elementor-col-100 elementor-top-column elementor-element elementor-element-29cff25\" data-id=\"29cff25\" data-element_type=\"column\">\n\t\t\t<div class=\"elementor-widget-wrap elementor-element-populated\">\n\t\t\t\t\t\t<div class=\"elementor-element elementor-element-f48099a elementor-widget elementor-widget-text-editor\" data-id=\"f48099a\" data-element_type=\"widget\" data-widget_type=\"text-editor.default\">\n\t\t\t\t<div class=\"elementor-widget-container\">\n\t\t\t<style>\/*! elementor - v3.23.0 - 05-08-2024 *\/\n.elementor-widget-text-editor.elementor-drop-cap-view-stacked .elementor-drop-cap{background-color:#69727d;color:#fff}.elementor-widget-text-editor.elementor-drop-cap-view-framed .elementor-drop-cap{color:#69727d;border:3px solid;background-color:transparent}.elementor-widget-text-editor:not(.elementor-drop-cap-view-default) .elementor-drop-cap{margin-top:8px}.elementor-widget-text-editor:not(.elementor-drop-cap-view-default) .elementor-drop-cap-letter{width:1em;height:1em}.elementor-widget-text-editor .elementor-drop-cap{float:left;text-align:center;line-height:1;font-size:50px}.elementor-widget-text-editor .elementor-drop-cap-letter{display:inline-block}<\/style>\t\t\t\t<p><strong>Services fournis dans le cadre d\u2019une prise de d\u00e9cision th\u00e9rapeutique\/diagnostique majeure. Services fournis dans un d\u00e9partement d\u00e9di\u00e9 \u00e0 l&#039;analyse du mouvement avec ces capacit\u00e9s\u00a0: Cin\u00e9tique 3D\/\u00e9lectromyographie dynamique Cin\u00e9matique 3D informatis\u00e9e Enregistrement vid\u00e9o recto\/verso\/des deux c\u00f4t\u00e9s<\/strong><\/p><p><strong>Analyse de la marche 3D<\/strong><br \/><strong>CPT\u00ae 96001 \u2013 Test de mouvement 3D avec analyse de la pression du pied<\/strong><br \/><strong>CPT\u00ae 96004 \u2013 Interpr\u00e9tation m\u00e9dicale du test de mouvement<\/strong><\/p><p>Syst\u00e8mes de capteurs m\u00e9dicaux\u00a0:<\/p><ul><li><strong>Moover<\/strong> D\u00e9marche + <strong>FreeMed <\/strong>Passerelles + cam\u00e9ras vid\u00e9o (minimum de 2)<\/li><li><strong>Moover<\/strong> D\u00e9marche + <strong>FlexInFit <\/strong>Capteurs int\u00e9gr\u00e9s \u00e0 la chaussure + cam\u00e9ras vid\u00e9o (minimum de 2)<\/li><li><strong>Moover <\/strong>D\u00e9marche + <strong>Runtime <\/strong>Tapis roulant + cam\u00e9ras vid\u00e9o (minimum de 2)<\/li><\/ul><p>L&#039;analyse du mouvement humain a plusieurs applications, notamment les performances biom\u00e9dicales et sportives. Pour effectuer une analyse biom\u00e9dicale, les mouvements des patients sont enregistr\u00e9s, num\u00e9ris\u00e9s, copi\u00e9s sur ordinateur et trait\u00e9s. Par exemple, lors du calcul des moments d&#039;articulation nets, le centre de l&#039;articulation est calcul\u00e9 \u00e0 l&#039;aide d&#039;un syst\u00e8me de coordonn\u00e9es local cr\u00e9\u00e9 \u00e0 partir de marqueurs de corps. Lors du suivi de marqueurs en 3D \u00e0 l&#039;aide de la vid\u00e9o, deux cam\u00e9ras ou plus sont utilis\u00e9es pour identifier les marqueurs. Une fois tous les param\u00e8tres trouv\u00e9s, les forces et les mouvements nets r\u00e9sultants des articulations peuvent \u00eatre calcul\u00e9s. En cin\u00e9matique 3D, les centres articulaires sont num\u00e9ris\u00e9s pour les premi\u00e8res images de la s\u00e9quence enregistr\u00e9e. Les param\u00e8tres lin\u00e9aires du mouvement peuvent \u00eatre mesur\u00e9s pour \u00e9valuer le mouvement horizontal et vertical. De plus, les param\u00e8tres angulaires peuvent mesurer les degr\u00e9s de mouvement des articulations pour analyser un mouvement articulaire sp\u00e9cifique. Dans\u00a0<span style=\"color: #ff6600;\"><a style=\"color: #ff6600;\" href=\"https:\/\/www.encoderpro.com\/epro\/cptHandler.do?_k=101*96001&amp;_a=view\"><strong>96001<\/strong><\/a><\/span>, tout en prenant des mesures dynamiques de pression plantaire, les donn\u00e9es sont collect\u00e9es \u00e0 l&#039;aide d&#039;une plate-forme de capteur de pression positionn\u00e9e sur une passerelle. Le patient marche le long de la passerelle afin que les donn\u00e9es de pression puissent \u00eatre analys\u00e9es dans les zones du pied (par exemple, le talon, les t\u00eates m\u00e9tatarsiennes et l&#039;hallux). La pression de pointe est d\u00e9termin\u00e9e dans toutes les zones et la pression la plus \u00e9lev\u00e9e de tous les sites (c&#039;est-\u00e0-dire le pied de pression de pointe) est mesur\u00e9e. Rapport\u00a0<span style=\"color: #ff6600;\"><a style=\"color: #ff6600;\" href=\"https:\/\/www.encoderpro.com\/epro\/cptHandler.do?_k=101*96004&amp;_a=view\"><strong>96004<\/strong><\/a>\u00a0<\/span>en plus de chacun de ces codes pour l&#039;examen par le m\u00e9decin et l&#039;interpr\u00e9tation des r\u00e9sultats, qui comprend le rapport \u00e9crit du m\u00e9decin.<\/p><p><strong>EMG<br \/>CPT\u00ae 96002 \u2013 \u00c9lectromyographie de surface dynamique, pendant la marche ou d&#039;autres activit\u00e9s fonctionnelles 1-12 muscles<\/strong><\/p><p>Syst\u00e8mes SensorMedica\u00a0:<\/p><ul><li><strong>EMG<\/strong><\/li><\/ul><p>Des \u00e9lectrodes plac\u00e9es sur le ventre musculaire, parall\u00e8lement au grain de la fibre musculaire, d\u00e9tectent un signal \u00e9lectrique qui provient des muscles actifs (le patient est en mouvement pendant le test). La force et le sch\u00e9ma du signal sont visualis\u00e9s sur un \u00e9cran d&#039;ordinateur et les donn\u00e9es sont collect\u00e9es dans un logiciel capable d&#039;ex\u00e9cuter diverses analyses des donn\u00e9es pour cr\u00e9er des rapports utiles concernant la fonction musculaire. Par exemple, l&#039;analyse de la marche permet au clinicien d&#039;analyser les sch\u00e9mas d&#039;activation normaux dans le temps s\u00e9par\u00e9ment pour les phases d&#039;appui et d&#039;oscillation entre les conditions ou par rapport aux valeurs de la base de donn\u00e9es. Rapport\u00a0<span style=\"color: #ff6600;\"><a style=\"color: #ff6600;\" href=\"https:\/\/www.encoderpro.com\/epro\/cptHandler.do?_k=101*96002&amp;_a=view\"><strong>96002<\/strong><\/a>\u00a0<\/span>pour une \u00e9tude d&#039;un \u00e0\u00a0<span style=\"color: #ff6600;\"><a style=\"color: #ff6600;\" href=\"https:\/\/www.encoderpro.com\/epro\/i9v3Handler.do?_k=104*12&amp;_a=view\"><strong>12<\/strong><\/a>\u00a0<\/span>muscles.<\/p><p><strong>Si vous avez un ergoth\u00e9rapeute et\/ou un physioth\u00e9rapeute dans votre cabinet<\/strong><\/p><p><strong>\u00c9valuation des technologies d&#039;assistance<\/strong><br \/><strong>CPT\u00ae 97755 \u2013 Facture 2 unit\u00e9s<\/strong><br \/>\u00c9valuation de la marche 2D, test d&#039;\u00e9quilibre<\/p><p>Syst\u00e8mes de capteurs m\u00e9dicaux\u00a0:<\/p><ul><li><strong>FreeMed <\/strong>Passerelles<\/li><li><strong>FlexInFit <\/strong>Capteurs int\u00e9gr\u00e9s \u00e0 la chaussure<\/li><li><strong>Runtime <\/strong>Treadmill<\/li><\/ul><p>Un fournisseur de soins de sant\u00e9 effectue une \u00e9valuation de la pertinence et des avantages de l&#039;acquisition de tout appareil ou \u00e9quipement de technologie d&#039;assistance qui restaurera, augmentera ou compensera la capacit\u00e9 fonctionnelle existante du patient ou qui optimisera les t\u00e2ches fonctionnelles et\/ou maximisera l&#039;accessibilit\u00e9 environnementale du patient. Ce code est rapport\u00e9 pour le temps de contact individuel avec le patient, par\u00a0<span style=\"color: #ff6600;\"><a style=\"color: #ff6600;\" href=\"https:\/\/www.encoderpro.com\/epro\/i9v3Handler.do?_k=104*15&amp;_a=view\">15<\/a>\u00a0<\/span>proc\u00e8s-verbal et comprend la pr\u00e9paration d&#039;un rapport \u00e9crit.<\/p><p><strong>Test de performance physique<\/strong><br \/><strong>CPT\u00ae 97750 \u2013 Facture 2 unit\u00e9s<\/strong><br \/>Gamme de mouvement<\/p><p>Syst\u00e8mes de capteurs m\u00e9dicaux\u00a0:<\/p><ul><li><strong>Moover One <\/strong>Gamme de mouvement<\/li><\/ul><p>Le fournisseur de soins de sant\u00e9 effectue un test de performance physique \u00e9valuant la fonction d&#039;une ou plusieurs zones du corps et \u00e9value la capacit\u00e9 fonctionnelle. Un rapport \u00e9crit est inclus. Ceci s&#039;ajoute \u00e0 une \u00e9valuation de routine ou \u00e0 une r\u00e9\u00e9valuation (<span style=\"color: #ff6600;\"><a style=\"color: #ff6600;\" href=\"https:\/\/www.encoderpro.com\/epro\/cptHandler.do?_k=101*97161&amp;_a=view\"><strong>97161<\/strong><\/a><\/span>&#8211;<span style=\"color: #ff6600;\"><a style=\"color: #ff6600;\" href=\"https:\/\/www.encoderpro.com\/epro\/cptHandler.do?_k=101*97172&amp;_a=view\"><strong>97172<\/strong><\/a><\/span>). Ce code peut \u00eatre signal\u00e9 dans\u00a0<span style=\"color: #ff6600;\"><a style=\"color: #ff6600;\" href=\"https:\/\/www.encoderpro.com\/epro\/i9v3Handler.do?_k=104*15&amp;_a=view\"><strong>15<\/strong><\/a><\/span>-incr\u00e9ments de minutes.<\/p>\t\t\t\t\t\t<\/div>\n\t\t\t\t<\/div>\n\t\t\t\t<div class=\"elementor-element elementor-element-4f8c341 elementor-widget elementor-widget-text-editor\" data-id=\"4f8c341\" data-element_type=\"widget\" data-widget_type=\"text-editor.default\">\n\t\t\t\t<div class=\"elementor-widget-container\">\n\t\t\t\t\t\t\t<p><span style=\"font-size: 14pt;\"><strong>Ces d\u00e9clarations doivent \u00eatre ajout\u00e9es chaque fois que vous mentionnez un remboursement.<br \/><\/strong><\/span>Sensormedica ne repr\u00e9sente ni ne garantit que ces informations sont compl\u00e8tes, exactes ou applicables \u00e0 un patient particulier ou \u00e0 un tiers payeur. Sensormedica d\u00e9cline toute responsabilit\u00e9 pour toute cons\u00e9quence r\u00e9sultant de la confiance accord\u00e9e \u00e0 ce document. La d\u00e9cision finale de facturation pour tout service doit \u00eatre prise par le fournisseur de soins de sant\u00e9 en tenant compte de la n\u00e9cessit\u00e9 m\u00e9dicale du service fourni ainsi que des exigences des tiers payeurs et de toutes les lois et r\u00e9glementations locales, \u00e9tatiques ou f\u00e9d\u00e9rales applicables. Sensormedica fournit ces informations \u00e0 titre \u00e9ducatif, \u00e9tant entendu que Sensormedica n&#039;est pas engag\u00e9e dans la prestation de services comptables ou d&#039;autres services professionnels. Les prestataires de soins de sant\u00e9 doivent consulter leurs propres conseillers concernant le codage, la couverture et le paiement.<\/p><p>CPT\u00ae copyright 2022 American Medical Association. Tous les droits sont r\u00e9serv\u00e9s. CPT\u00ae est une marque d\u00e9pos\u00e9e de l&#039;American Medical Association. Les restrictions FARS\/DFARS applicables s&#039;appliquent \u00e0 l&#039;utilisation gouvernementale. Les grilles tarifaires, les unit\u00e9s de valeur relative, les facteurs de conversion et\/ou les composants associ\u00e9s ne sont pas attribu\u00e9s par l&#039;AMA, ne font pas partie du CPT et l&#039;AMA ne recommande pas leur utilisation. L&#039;AMA ne pratique pas directement ou indirectement la m\u00e9decine et ne dispense pas de services m\u00e9dicaux. L&#039;AMA n&#039;assume aucune responsabilit\u00e9 pour les donn\u00e9es contenues ou non contenues dans ce document.<\/p>\t\t\t\t\t\t<\/div>\n\t\t\t\t<\/div>\n\t\t\t\t\t<\/div>\n\t\t<\/div>\n\t\t\t\t\t<\/div>\n\t\t<\/section>\n\t\t\t\t<\/div>","protected":false},"excerpt":{"rendered":"<p>Services fournis dans le cadre d\u2019une prise de d\u00e9cision th\u00e9rapeutique\/diagnostique majeure. Services fournis dans un d\u00e9partement d\u00e9di\u00e9 \u00e0 l&#039;analyse du mouvement avec ces capacit\u00e9s : Cin\u00e9tique 3D\/\u00e9lectromyographie dynamique Cin\u00e9matique 3D informatis\u00e9e Enregistrement vid\u00e9o avant\/arri\u00e8re\/des deux c\u00f4t\u00e9s Analyse de la d\u00e9marche 3DCPT\u00ae 96001 \u2013 Test de mouvement 3D avec analyse de la pression du piedCPT\u00ae 96004 \u2013 Interpr\u00e9tation m\u00e9dicale du test de mouvement Capteur Syst\u00e8mes Medica\u00a0: Moover Gait + passerelles freeMed\u2026<\/p>\n<p class=\"read-more\"> <a class=\"\" href=\"https:\/\/www.sensormedica.com\/fr\/billing-and-coding-guidance\/\"> <span class=\"screen-reader-text\">Guide de facturation et de codage<\/span> Lire la suite \u00bb<\/a><\/p>","protected":false},"author":1,"featured_media":0,"parent":0,"menu_order":0,"comment_status":"closed","ping_status":"closed","template":"","meta":{"site-sidebar-layout":"no-sidebar","site-content-layout":"page-builder","ast-site-content-layout":"","site-content-style":"default","site-sidebar-style":"default","ast-global-header-display":"","ast-banner-title-visibility":"","ast-main-header-display":"","ast-hfb-above-header-display":"","ast-hfb-below-header-display":"","ast-hfb-mobile-header-display":"","site-post-title":"disabled","ast-breadcrumbs-content":"","ast-featured-img":"disabled","footer-sml-layout":"","theme-transparent-header-meta":"","adv-header-id-meta":"","stick-header-meta":"","header-above-stick-meta":"","header-main-stick-meta":"","header-below-stick-meta":"","astra-migrate-meta-layouts":"","footnotes":""},"class_list":["post-1176","page","type-page","status-publish","hentry"],"yoast_head":"<!-- This site is optimized with the Yoast SEO Premium plugin v21.6 (Yoast SEO v21.6) - https:\/\/yoast.com\/wordpress\/plugins\/seo\/ -->\n<title>Billing and Coding Guidance - Sensor Medica<\/title>\n<meta name=\"robots\" content=\"index, follow, max-snippet:-1, max-image-preview:large, max-video-preview:-1\" \/>\n<link rel=\"canonical\" href=\"https:\/\/www.sensormedica.com\/fr\/billing-and-coding-guidance\/\" \/>\n<meta property=\"og:locale\" content=\"fr_FR\" \/>\n<meta property=\"og:type\" content=\"article\" \/>\n<meta property=\"og:title\" content=\"Billing and Coding Guidance\" \/>\n<meta property=\"og:description\" content=\"Services provided as part major therapeutic\/diagnostic decision making. \u00a0Services provided in dedicated motion analysis department with these capabilities: 3D kinetics\/dynamic electromyography Computerized 3D kinematics Videotaping from front\/back\/both sides 3D Gait AnalysisCPT\u00ae 96001 &#8211; 3D Motion test w\/ foot pressure analysisCPT\u00ae 96004 &#8211; Physician interpretation of motion test Sensor Medica Systems: Moover Gait + freeMed Walkways &hellip; Billing and Coding Guidance Lire la suite\u00a0\u00bb\" \/>\n<meta property=\"og:url\" content=\"https:\/\/www.sensormedica.com\/fr\/billing-and-coding-guidance\/\" \/>\n<meta property=\"og:site_name\" content=\"Sensor Medica\" \/>\n<meta property=\"article:modified_time\" content=\"2025-05-20T06:01:27+00:00\" \/>\n<meta name=\"twitter:card\" content=\"summary_large_image\" \/>\n<meta name=\"twitter:label1\" content=\"Dur\u00e9e de lecture estim\u00e9e\" \/>\n\t<meta name=\"twitter:data1\" content=\"4 minutes\" \/>\n<script type=\"application\/ld+json\" class=\"yoast-schema-graph\">{\"@context\":\"https:\/\/schema.org\",\"@graph\":[{\"@type\":\"WebPage\",\"@id\":\"https:\/\/www.sensormedica.com\/billing-and-coding-guidance\/\",\"url\":\"https:\/\/www.sensormedica.com\/billing-and-coding-guidance\/\",\"name\":\"Billing and Coding Guidance - Sensor Medica\",\"isPartOf\":{\"@id\":\"https:\/\/www.sensormedica.com\/#website\"},\"datePublished\":\"2023-03-24T08:49:45+00:00\",\"dateModified\":\"2025-05-20T06:01:27+00:00\",\"breadcrumb\":{\"@id\":\"https:\/\/www.sensormedica.com\/billing-and-coding-guidance\/#breadcrumb\"},\"inLanguage\":\"fr-FR\",\"potentialAction\":[{\"@type\":\"ReadAction\",\"target\":[\"https:\/\/www.sensormedica.com\/billing-and-coding-guidance\/\"]}]},{\"@type\":\"BreadcrumbList\",\"@id\":\"https:\/\/www.sensormedica.com\/billing-and-coding-guidance\/#breadcrumb\",\"itemListElement\":[{\"@type\":\"ListItem\",\"position\":1,\"name\":\"Home\",\"item\":\"https:\/\/www.sensormedica.com\/\"},{\"@type\":\"ListItem\",\"position\":2,\"name\":\"Billing and Coding Guidance\"}]},{\"@type\":\"WebSite\",\"@id\":\"https:\/\/www.sensormedica.com\/#website\",\"url\":\"https:\/\/www.sensormedica.com\/\",\"name\":\"Sensor Medica\",\"description\":\"Technology in Motion\",\"potentialAction\":[{\"@type\":\"SearchAction\",\"target\":{\"@type\":\"EntryPoint\",\"urlTemplate\":\"https:\/\/www.sensormedica.com\/?s={search_term_string}\"},\"query-input\":\"required name=search_term_string\"}],\"inLanguage\":\"fr-FR\"}]}<\/script>\n<!-- \/ Yoast SEO Premium plugin. -->","yoast_head_json":{"title":"Billing and Coding Guidance - Sensor Medica","robots":{"index":"index","follow":"follow","max-snippet":"max-snippet:-1","max-image-preview":"max-image-preview:large","max-video-preview":"max-video-preview:-1"},"canonical":"https:\/\/www.sensormedica.com\/fr\/billing-and-coding-guidance\/","og_locale":"fr_FR","og_type":"article","og_title":"Billing and Coding Guidance","og_description":"Services provided as part major therapeutic\/diagnostic decision making. \u00a0Services provided in dedicated motion analysis department with these capabilities: 3D kinetics\/dynamic electromyography Computerized 3D kinematics Videotaping from front\/back\/both sides 3D Gait AnalysisCPT\u00ae 96001 &#8211; 3D Motion test w\/ foot pressure analysisCPT\u00ae 96004 &#8211; Physician interpretation of motion test Sensor Medica Systems: Moover Gait + freeMed Walkways &hellip; Billing and Coding Guidance Lire la suite\u00a0\u00bb","og_url":"https:\/\/www.sensormedica.com\/fr\/billing-and-coding-guidance\/","og_site_name":"Sensor Medica","article_modified_time":"2025-05-20T06:01:27+00:00","twitter_card":"summary_large_image","twitter_misc":{"Dur\u00e9e de lecture estim\u00e9e":"4 minutes"},"schema":{"@context":"https:\/\/schema.org","@graph":[{"@type":"WebPage","@id":"https:\/\/www.sensormedica.com\/billing-and-coding-guidance\/","url":"https:\/\/www.sensormedica.com\/billing-and-coding-guidance\/","name":"Billing and Coding Guidance - Sensor Medica","isPartOf":{"@id":"https:\/\/www.sensormedica.com\/#website"},"datePublished":"2023-03-24T08:49:45+00:00","dateModified":"2025-05-20T06:01:27+00:00","breadcrumb":{"@id":"https:\/\/www.sensormedica.com\/billing-and-coding-guidance\/#breadcrumb"},"inLanguage":"fr-FR","potentialAction":[{"@type":"ReadAction","target":["https:\/\/www.sensormedica.com\/billing-and-coding-guidance\/"]}]},{"@type":"BreadcrumbList","@id":"https:\/\/www.sensormedica.com\/billing-and-coding-guidance\/#breadcrumb","itemListElement":[{"@type":"ListItem","position":1,"name":"Home","item":"https:\/\/www.sensormedica.com\/"},{"@type":"ListItem","position":2,"name":"Billing and Coding Guidance"}]},{"@type":"WebSite","@id":"https:\/\/www.sensormedica.com\/#website","url":"https:\/\/www.sensormedica.com\/","name":"Sensor Medica","description":"Technology in Motion","potentialAction":[{"@type":"SearchAction","target":{"@type":"EntryPoint","urlTemplate":"https:\/\/www.sensormedica.com\/?s={search_term_string}"},"query-input":"required name=search_term_string"}],"inLanguage":"fr-FR"}]}},"_links":{"self":[{"href":"https:\/\/www.sensormedica.com\/fr\/wp-json\/wp\/v2\/pages\/1176","targetHints":{"allow":["GET"]}}],"collection":[{"href":"https:\/\/www.sensormedica.com\/fr\/wp-json\/wp\/v2\/pages"}],"about":[{"href":"https:\/\/www.sensormedica.com\/fr\/wp-json\/wp\/v2\/types\/page"}],"author":[{"embeddable":true,"href":"https:\/\/www.sensormedica.com\/fr\/wp-json\/wp\/v2\/users\/1"}],"replies":[{"embeddable":true,"href":"https:\/\/www.sensormedica.com\/fr\/wp-json\/wp\/v2\/comments?post=1176"}],"version-history":[{"count":1,"href":"https:\/\/www.sensormedica.com\/fr\/wp-json\/wp\/v2\/pages\/1176\/revisions"}],"predecessor-version":[{"id":12698,"href":"https:\/\/www.sensormedica.com\/fr\/wp-json\/wp\/v2\/pages\/1176\/revisions\/12698"}],"wp:attachment":[{"href":"https:\/\/www.sensormedica.com\/fr\/wp-json\/wp\/v2\/media?parent=1176"}],"curies":[{"name":"wp","href":"https:\/\/api.w.org\/{rel}","templated":true}]}}