{"id":2,"date":"2023-02-16T10:30:53","date_gmt":"2023-02-16T10:30:53","guid":{"rendered":"https:\/\/www.sensormedica.com\/?page_id=2"},"modified":"2025-05-20T06:01:45","modified_gmt":"2025-05-20T06:01:45","slug":"sample-page","status":"publish","type":"page","link":"https:\/\/www.sensormedica.com\/es\/sample-page\/","title":{"rendered":"P\u00e1gina de Ejemplo"},"content":{"rendered":"<p>Esta es una pagina de ejemplo. Es diferente de una publicaci\u00f3n de blog porque permanecer\u00e1 en un solo lugar y aparecer\u00e1 en la navegaci\u00f3n de su sitio (en la mayor\u00eda de los temas). La mayor\u00eda de las personas comienzan con una p\u00e1gina Acerca de que les presenta a los visitantes potenciales del sitio. Podr\u00eda decir algo como esto:<\/p>\n\n\n\n<blockquote class=\"wp-block-quote is-layout-flow wp-block-quote-is-layout-flow\"><p>\u00a1Hola! Soy mensajero en bicicleta de d\u00eda, aspirante a actor de noche, y este es mi sitio web. Vivo en Los \u00c1ngeles, tengo un perro fant\u00e1stico llamado Jack y me gustan las pi\u00f1as coladas. (Y quedar atrapado bajo la lluvia).<\/p><\/blockquote>\n\n\n\n<p>\u2026o algo como esto:<\/p>\n\n\n\n<blockquote class=\"wp-block-quote is-layout-flow wp-block-quote-is-layout-flow\"><p>La empresa XYZ Doohickey se fund\u00f3 en 1971 y desde entonces ha estado proporcionando al p\u00fablico art\u00edculos de calidad. Ubicada en Gotham City, XYZ emplea a m\u00e1s de 2000 personas y hace todo tipo de cosas incre\u00edbles para la comunidad de Gotham.<\/p><\/blockquote>\n\n\n\n<p>Como nuevo usuario de WordPress, debe ir a <a href=\"https:\/\/www.sensormedica.com\/wp-admin\/\">tu tablero<\/a> para eliminar esta p\u00e1gina y crear nuevas p\u00e1ginas para su contenido. \u00a1Divertirse!<\/p>","protected":false},"excerpt":{"rendered":"<p>Esta es una pagina de ejemplo. Es diferente de una publicaci\u00f3n de blog porque permanecer\u00e1 en un solo lugar y aparecer\u00e1 en la navegaci\u00f3n de su sitio (en la mayor\u00eda de los temas). La mayor\u00eda de las personas comienzan con una p\u00e1gina Acerca de que les presenta a los visitantes potenciales del sitio. Podr\u00eda decir algo como esto: \u00a1Hola! Soy un mensajero en bicicleta...<\/p>\n<p class=\"read-more\"> <a class=\"\" href=\"https:\/\/www.sensormedica.com\/es\/sample-page\/\"> <span class=\"screen-reader-text\">P\u00e1gina de Ejemplo<\/span> Leer m\u00e1s \u00bb<\/a><\/p>","protected":false},"author":1,"featured_media":0,"parent":0,"menu_order":0,"comment_status":"closed","ping_status":"open","template":"","meta":{"site-sidebar-layout":"default","site-content-layout":"","ast-site-content-layout":"","site-content-style":"default","site-sidebar-style":"default","ast-global-header-display":"","ast-banner-title-visibility":"","ast-main-header-display":"","ast-hfb-above-header-display":"","ast-hfb-below-header-display":"","ast-hfb-mobile-header-display":"","site-post-title":"","ast-breadcrumbs-content":"","ast-featured-img":"","footer-sml-layout":"","theme-transparent-header-meta":"","adv-header-id-meta":"","stick-header-meta":"","header-above-stick-meta":"","header-main-stick-meta":"","header-below-stick-meta":"","astra-migrate-meta-layouts":"","footnotes":""},"class_list":["post-2","page","type-page","status-publish","hentry"],"yoast_head":"<!-- This site is optimized with the Yoast SEO Premium plugin v21.6 (Yoast SEO v21.6) - https:\/\/yoast.com\/wordpress\/plugins\/seo\/ -->\n<title>Sample Page - Sensor Medica<\/title>\n<meta name=\"robots\" content=\"index, follow, max-snippet:-1, max-image-preview:large, max-video-preview:-1\" \/>\n<link rel=\"canonical\" href=\"https:\/\/www.sensormedica.com\/es\/sample-page\/\" \/>\n<meta property=\"og:locale\" content=\"es_ES\" \/>\n<meta property=\"og:type\" content=\"article\" \/>\n<meta property=\"og:title\" content=\"Sample Page\" \/>\n<meta property=\"og:description\" content=\"This is an example page. It&#8217;s different from a blog post because it will stay in one place and will show up in your site navigation (in most themes). Most people start with an About page that introduces them to potential site visitors. It might say something like this: Hi there! I&#8217;m a bike messenger &hellip; Sample Page Leer m\u00e1s &raquo;\" \/>\n<meta property=\"og:url\" content=\"https:\/\/www.sensormedica.com\/es\/sample-page\/\" \/>\n<meta property=\"og:site_name\" content=\"Sensor Medica\" \/>\n<meta property=\"article:modified_time\" content=\"2025-05-20T06:01:45+00:00\" \/>\n<meta name=\"twitter:card\" content=\"summary_large_image\" \/>\n<meta name=\"twitter:label1\" content=\"Tiempo de lectura\" \/>\n\t<meta name=\"twitter:data1\" content=\"1 minuto\" \/>\n<script type=\"application\/ld+json\" class=\"yoast-schema-graph\">{\"@context\":\"https:\/\/schema.org\",\"@graph\":[{\"@type\":\"WebPage\",\"@id\":\"https:\/\/www.sensormedica.com\/sample-page\/\",\"url\":\"https:\/\/www.sensormedica.com\/sample-page\/\",\"name\":\"Sample Page - Sensor Medica\",\"isPartOf\":{\"@id\":\"https:\/\/www.sensormedica.com\/#website\"},\"datePublished\":\"2023-02-16T10:30:53+00:00\",\"dateModified\":\"2025-05-20T06:01:45+00:00\",\"breadcrumb\":{\"@id\":\"https:\/\/www.sensormedica.com\/sample-page\/#breadcrumb\"},\"inLanguage\":\"es\",\"potentialAction\":[{\"@type\":\"ReadAction\",\"target\":[\"https:\/\/www.sensormedica.com\/sample-page\/\"]}]},{\"@type\":\"BreadcrumbList\",\"@id\":\"https:\/\/www.sensormedica.com\/sample-page\/#breadcrumb\",\"itemListElement\":[{\"@type\":\"ListItem\",\"position\":1,\"name\":\"Home\",\"item\":\"https:\/\/www.sensormedica.com\/\"},{\"@type\":\"ListItem\",\"position\":2,\"name\":\"Sample Page\"}]},{\"@type\":\"WebSite\",\"@id\":\"https:\/\/www.sensormedica.com\/#website\",\"url\":\"https:\/\/www.sensormedica.com\/\",\"name\":\"Sensor Medica\",\"description\":\"Technology in Motion\",\"potentialAction\":[{\"@type\":\"SearchAction\",\"target\":{\"@type\":\"EntryPoint\",\"urlTemplate\":\"https:\/\/www.sensormedica.com\/?s={search_term_string}\"},\"query-input\":\"required name=search_term_string\"}],\"inLanguage\":\"es\"}]}<\/script>\n<!-- \/ Yoast SEO Premium plugin. -->","yoast_head_json":{"title":"Sample Page - Sensor Medica","robots":{"index":"index","follow":"follow","max-snippet":"max-snippet:-1","max-image-preview":"max-image-preview:large","max-video-preview":"max-video-preview:-1"},"canonical":"https:\/\/www.sensormedica.com\/es\/sample-page\/","og_locale":"es_ES","og_type":"article","og_title":"Sample Page","og_description":"This is an example page. It&#8217;s different from a blog post because it will stay in one place and will show up in your site navigation (in most themes). Most people start with an About page that introduces them to potential site visitors. It might say something like this: Hi there! I&#8217;m a bike messenger &hellip; Sample Page Leer m\u00e1s &raquo;","og_url":"https:\/\/www.sensormedica.com\/es\/sample-page\/","og_site_name":"Sensor Medica","article_modified_time":"2025-05-20T06:01:45+00:00","twitter_card":"summary_large_image","twitter_misc":{"Tiempo de lectura":"1 minuto"},"schema":{"@context":"https:\/\/schema.org","@graph":[{"@type":"WebPage","@id":"https:\/\/www.sensormedica.com\/sample-page\/","url":"https:\/\/www.sensormedica.com\/sample-page\/","name":"Sample Page - Sensor Medica","isPartOf":{"@id":"https:\/\/www.sensormedica.com\/#website"},"datePublished":"2023-02-16T10:30:53+00:00","dateModified":"2025-05-20T06:01:45+00:00","breadcrumb":{"@id":"https:\/\/www.sensormedica.com\/sample-page\/#breadcrumb"},"inLanguage":"es","potentialAction":[{"@type":"ReadAction","target":["https:\/\/www.sensormedica.com\/sample-page\/"]}]},{"@type":"BreadcrumbList","@id":"https:\/\/www.sensormedica.com\/sample-page\/#breadcrumb","itemListElement":[{"@type":"ListItem","position":1,"name":"Home","item":"https:\/\/www.sensormedica.com\/"},{"@type":"ListItem","position":2,"name":"Sample Page"}]},{"@type":"WebSite","@id":"https:\/\/www.sensormedica.com\/#website","url":"https:\/\/www.sensormedica.com\/","name":"Sensor Medica","description":"Technology in Motion","potentialAction":[{"@type":"SearchAction","target":{"@type":"EntryPoint","urlTemplate":"https:\/\/www.sensormedica.com\/?s={search_term_string}"},"query-input":"required name=search_term_string"}],"inLanguage":"es"}]}},"_links":{"self":[{"href":"https:\/\/www.sensormedica.com\/es\/wp-json\/wp\/v2\/pages\/2","targetHints":{"allow":["GET"]}}],"collection":[{"href":"https:\/\/www.sensormedica.com\/es\/wp-json\/wp\/v2\/pages"}],"about":[{"href":"https:\/\/www.sensormedica.com\/es\/wp-json\/wp\/v2\/types\/page"}],"author":[{"embeddable":true,"href":"https:\/\/www.sensormedica.com\/es\/wp-json\/wp\/v2\/users\/1"}],"replies":[{"embeddable":true,"href":"https:\/\/www.sensormedica.com\/es\/wp-json\/wp\/v2\/comments?post=2"}],"version-history":[{"count":1,"href":"https:\/\/www.sensormedica.com\/es\/wp-json\/wp\/v2\/pages\/2\/revisions"}],"predecessor-version":[{"id":12709,"href":"https:\/\/www.sensormedica.com\/es\/wp-json\/wp\/v2\/pages\/2\/revisions\/12709"}],"wp:attachment":[{"href":"https:\/\/www.sensormedica.com\/es\/wp-json\/wp\/v2\/media?parent=2"}],"curies":[{"name":"wp","href":"https:\/\/api.w.org\/{rel}","templated":true}]}}