{"id":1176,"date":"2023-03-24T08:49:45","date_gmt":"2023-03-24T08:49:45","guid":{"rendered":"https:\/\/www.sensormedica.com\/?page_id=1176"},"modified":"2025-05-20T06:01:27","modified_gmt":"2025-05-20T06:01:27","slug":"billing-and-coding-guidance","status":"publish","type":"page","link":"https:\/\/www.sensormedica.com\/es\/billing-and-coding-guidance\/","title":{"rendered":"Gu\u00eda de facturaci\u00f3n y codificaci\u00f3n"},"content":{"rendered":"<div data-elementor-type=\"wp-page\" data-elementor-id=\"1176\" class=\"elementor elementor-1176\" data-elementor-post-type=\"page\">\n\t\t\t\t\t\t<section class=\"elementor-section elementor-top-section elementor-element elementor-element-782a3e08 elementor-section-height-min-height elementor-section-boxed elementor-section-height-default elementor-section-items-middle\" data-id=\"782a3e08\" data-element_type=\"section\" data-settings=\"{&quot;background_background&quot;:&quot;classic&quot;}\">\n\t\t\t\t\t\t\t<div class=\"elementor-background-overlay\"><\/div>\n\t\t\t\t\t\t\t<div class=\"elementor-container elementor-column-gap-default\">\n\t\t\t\t\t<div class=\"elementor-column elementor-col-100 elementor-top-column elementor-element elementor-element-67e7a957\" data-id=\"67e7a957\" data-element_type=\"column\">\n\t\t\t<div class=\"elementor-widget-wrap elementor-element-populated\">\n\t\t\t\t\t\t<div class=\"elementor-element elementor-element-19172bda elementor-widget__width-initial elementor-widget elementor-widget-heading\" data-id=\"19172bda\" data-element_type=\"widget\" data-widget_type=\"heading.default\">\n\t\t\t\t<div class=\"elementor-widget-container\">\n\t\t\t<style>\/*! elementor - v3.23.0 - 05-08-2024 *\/\n.elementor-heading-title{padding:0;margin:0;line-height:1}.elementor-widget-heading .elementor-heading-title[class*=elementor-size-]>a{color:inherit;font-size:inherit;line-height:inherit}.elementor-widget-heading .elementor-heading-title.elementor-size-small{font-size:15px}.elementor-widget-heading .elementor-heading-title.elementor-size-medium{font-size:19px}.elementor-widget-heading .elementor-heading-title.elementor-size-large{font-size:29px}.elementor-widget-heading .elementor-heading-title.elementor-size-xl{font-size:39px}.elementor-widget-heading .elementor-heading-title.elementor-size-xxl{font-size:59px}<\/style><h2 class=\"elementor-heading-title elementor-size-default\">Gu\u00eda de facturaci\u00f3n y codificaci\u00f3n<\/h2>\t\t<\/div>\n\t\t\t\t<\/div>\n\t\t\t\t\t<\/div>\n\t\t<\/div>\n\t\t\t\t\t<\/div>\n\t\t<\/section>\n\t\t\t\t<section class=\"elementor-section elementor-top-section elementor-element elementor-element-3da9a87 elementor-section-boxed elementor-section-height-default elementor-section-height-default\" data-id=\"3da9a87\" data-element_type=\"section\" data-settings=\"{&quot;background_background&quot;:&quot;classic&quot;}\">\n\t\t\t\t\t\t<div class=\"elementor-container elementor-column-gap-default\">\n\t\t\t\t\t<div class=\"elementor-column elementor-col-100 elementor-top-column elementor-element elementor-element-29cff25\" data-id=\"29cff25\" data-element_type=\"column\">\n\t\t\t<div class=\"elementor-widget-wrap elementor-element-populated\">\n\t\t\t\t\t\t<div class=\"elementor-element elementor-element-f48099a elementor-widget elementor-widget-text-editor\" data-id=\"f48099a\" data-element_type=\"widget\" data-widget_type=\"text-editor.default\">\n\t\t\t\t<div class=\"elementor-widget-container\">\n\t\t\t<style>\/*! elementor - v3.23.0 - 05-08-2024 *\/\n.elementor-widget-text-editor.elementor-drop-cap-view-stacked .elementor-drop-cap{background-color:#69727d;color:#fff}.elementor-widget-text-editor.elementor-drop-cap-view-framed .elementor-drop-cap{color:#69727d;border:3px solid;background-color:transparent}.elementor-widget-text-editor:not(.elementor-drop-cap-view-default) .elementor-drop-cap{margin-top:8px}.elementor-widget-text-editor:not(.elementor-drop-cap-view-default) .elementor-drop-cap-letter{width:1em;height:1em}.elementor-widget-text-editor .elementor-drop-cap{float:left;text-align:center;line-height:1;font-size:50px}.elementor-widget-text-editor .elementor-drop-cap-letter{display:inline-block}<\/style>\t\t\t\t<p><strong>Servicios proporcionados como parte de la toma de decisiones terap\u00e9uticas\/diagn\u00f3sticas importantes. Servicios proporcionados en un departamento dedicado de an\u00e1lisis de movimiento con estas capacidades: Cin\u00e9tica 3D\/electromiograf\u00eda din\u00e1mica Cinem\u00e1tica 3D computarizada Grabaci\u00f3n de video desde adelante\/atr\u00e1s\/ambos lados<\/strong><\/p><p><strong>An\u00e1lisis de marcha 3D<\/strong><br \/><strong>CPT\u00ae 96001 \u2013 Prueba de movimiento 3D con an\u00e1lisis de presi\u00f3n del pie<\/strong><br \/><strong>CPT\u00ae 96004 \u2013 Interpretaci\u00f3n m\u00e9dica de la prueba de movimiento<\/strong><\/p><p>Sistemas Sensor Medica:<\/p><ul><li><strong>Moover<\/strong> Marcha + <strong>libreMed <\/strong>Pasarelas + C\u00e1maras de Video (m\u00ednimo 2)<\/li><li><strong>Moover<\/strong> Marcha + <strong>FlexInFit <\/strong>Sensores en el zapato + c\u00e1maras de video (m\u00ednimo de 2)<\/li><li><strong>Moover <\/strong>Marcha + <strong>Runtime <\/strong>Cinta de correr + C\u00e1maras de video (m\u00ednimo 2)<\/li><\/ul><p>El an\u00e1lisis del movimiento humano tiene varias aplicaciones, incluido el rendimiento atl\u00e9tico y biom\u00e9dico. Para realizar un an\u00e1lisis biom\u00e9dico, los movimientos del paciente se registran, digitalizan, copian en una computadora y procesan. Por ejemplo, cuando se calculan los momentos de uni\u00f3n netos, el centro de la uni\u00f3n se calcula utilizando un sistema de coordenadas local creado a partir de marcadores de cuerpo. Cuando se rastrean marcadores en 3D usando video, se usan dos o m\u00e1s c\u00e1maras para identificar los marcadores. Despu\u00e9s de encontrar todos los par\u00e1metros, se pueden calcular las fuerzas y los movimientos de las articulaciones netas resultantes. En cinem\u00e1tica 3-D, los centros de uni\u00f3n se digitalizan para los primeros fotogramas de la secuencia registrada. Los par\u00e1metros lineales de movimiento se pueden medir para evaluar el movimiento horizontal y vertical. Adem\u00e1s, los par\u00e1metros angulares pueden medir los grados de movimiento de las articulaciones para analizar el movimiento articular espec\u00edfico. En\u00a0<span style=\"color: #ff6600;\"><a style=\"color: #ff6600;\" href=\"https:\/\/www.encoderpro.com\/epro\/cptHandler.do?_k=101*96001&amp;_a=view\"><strong>96001<\/strong><\/a><\/span>, mientras se toman medidas din\u00e1micas de la presi\u00f3n plantar, los datos se recopilan utilizando una plataforma de sensores de presi\u00f3n colocada en una pasarela. El paciente camina por la pasarela para poder analizar los datos de presi\u00f3n en \u00e1reas del pie (p. ej., el tal\u00f3n, las cabezas de los metatarsianos y el hallux). La presi\u00f3n m\u00e1xima se determina en todas las \u00e1reas y se mide la presi\u00f3n m\u00e1s alta de todos los sitios (es decir, el pie de presi\u00f3n m\u00e1xima). Informe\u00a0<span style=\"color: #ff6600;\"><a style=\"color: #ff6600;\" href=\"https:\/\/www.encoderpro.com\/epro\/cptHandler.do?_k=101*96004&amp;_a=view\"><strong>96004<\/strong><\/a>\u00a0<\/span>adem\u00e1s de cada uno de estos c\u00f3digos para la revisi\u00f3n m\u00e9dica y la interpretaci\u00f3n de los resultados, que incluye el informe escrito del m\u00e9dico.<\/p><p><strong>EMG<br \/>CPT\u00ae 96002 \u2013 Electromiograf\u00eda de superficie din\u00e1mica, al caminar u otras actividades funcionales 1-12 m\u00fasculos<\/strong><\/p><p>Sistemas SensorMedica:<\/p><ul><li><strong>EMG<\/strong><\/li><\/ul><p>Los electrodos colocados en el vientre del m\u00fasculo, paralelos al grano de la fibra muscular, detectan una se\u00f1al el\u00e9ctrica que proviene de los m\u00fasculos activos (el paciente est\u00e1 en movimiento durante la prueba). La fuerza y el patr\u00f3n de la se\u00f1al se ven en la pantalla de una computadora y los datos se recopilan en un programa de software que puede ejecutar varios an\u00e1lisis de los datos para crear informes \u00fatiles sobre la funci\u00f3n muscular. Por ejemplo, el an\u00e1lisis de la marcha permite que el m\u00e9dico analice los patrones de activaci\u00f3n normal en el tiempo por separado para las fases de postura y balanceo entre condiciones o contra los valores de la base de datos. Informe\u00a0<span style=\"color: #ff6600;\"><a style=\"color: #ff6600;\" href=\"https:\/\/www.encoderpro.com\/epro\/cptHandler.do?_k=101*96002&amp;_a=view\"><strong>96002<\/strong><\/a>\u00a0<\/span>para un estudio de uno a\u00a0<span style=\"color: #ff6600;\"><a style=\"color: #ff6600;\" href=\"https:\/\/www.encoderpro.com\/epro\/i9v3Handler.do?_k=104*12&amp;_a=view\"><strong>12<\/strong><\/a>\u00a0<\/span>m\u00fasculos.<\/p><p><strong>Si tiene un terapeuta ocupacional y\/o fisioterapeuta en su consultorio<\/strong><\/p><p><strong>Evaluaci\u00f3n de tecnolog\u00eda de asistencia<\/strong><br \/><strong>CPT\u00ae 97755 \u2013 Factura 2 unidades<\/strong><br \/>Evaluaci\u00f3n de marcha 2D, prueba de equilibrio<\/p><p>Sistemas Sensor Medica:<\/p><ul><li><strong>libreMed <\/strong>Pasarelas<\/li><li><strong>FlexInFit <\/strong>Sensores en el zapato<\/li><li><strong>Runtime <\/strong>Treadmill<\/li><\/ul><p>Un proveedor de atenci\u00f3n m\u00e9dica realiza una evaluaci\u00f3n de la idoneidad y los beneficios de adquirir cualquier dispositivo o equipo de tecnolog\u00eda de asistencia que restaurar\u00e1, aumentar\u00e1 o compensar\u00e1 la capacidad funcional existente en el paciente o que optimizar\u00e1 las tareas funcionales y\/o maximizar\u00e1 la accesibilidad ambiental del paciente. Este c\u00f3digo se informa para el tiempo de contacto con el paciente uno a uno, por\u00a0<span style=\"color: #ff6600;\"><a style=\"color: #ff6600;\" href=\"https:\/\/www.encoderpro.com\/epro\/i9v3Handler.do?_k=104*15&amp;_a=view\">15<\/a>\u00a0<\/span>minutos, e incluye la elaboraci\u00f3n de un informe escrito.<\/p><p><strong>Prueba de rendimiento f\u00edsico<\/strong><br \/><strong>CPT\u00ae 97750 \u2013 Factura 2 unidades<\/strong><br \/>Rango de movimiento<\/p><p>Sistemas Sensor Medica:<\/p><ul><li><strong>Moover One <\/strong>Rango de movimiento<\/li><\/ul><p>El proveedor de atenci\u00f3n m\u00e9dica realiza una prueba de desempe\u00f1o f\u00edsico que eval\u00faa la funci\u00f3n de una o m\u00e1s \u00e1reas del cuerpo y eval\u00faa la capacidad funcional. Se incluye un informe escrito. Esto se suma a una evaluaci\u00f3n o reevaluaci\u00f3n de rutina (<span style=\"color: #ff6600;\"><a style=\"color: #ff6600;\" href=\"https:\/\/www.encoderpro.com\/epro\/cptHandler.do?_k=101*97161&amp;_a=view\"><strong>97161<\/strong><\/a><\/span>&#8211;<span style=\"color: #ff6600;\"><a style=\"color: #ff6600;\" href=\"https:\/\/www.encoderpro.com\/epro\/cptHandler.do?_k=101*97172&amp;_a=view\"><strong>97172<\/strong><\/a><\/span>). Este c\u00f3digo se puede informar en\u00a0<span style=\"color: #ff6600;\"><a style=\"color: #ff6600;\" href=\"https:\/\/www.encoderpro.com\/epro\/i9v3Handler.do?_k=104*15&amp;_a=view\"><strong>15<\/strong><\/a><\/span>incrementos de minutos.<\/p>\t\t\t\t\t\t<\/div>\n\t\t\t\t<\/div>\n\t\t\t\t<div class=\"elementor-element elementor-element-4f8c341 elementor-widget elementor-widget-text-editor\" data-id=\"4f8c341\" data-element_type=\"widget\" data-widget_type=\"text-editor.default\">\n\t\t\t\t<div class=\"elementor-widget-container\">\n\t\t\t\t\t\t\t<p><span style=\"font-size: 14pt;\"><strong>Estas declaraciones deben agregarse siempre que mencione el reembolso.<br \/><\/strong><\/span>Sensormedica no representa ni garantiza que esta informaci\u00f3n sea completa, precisa o aplicable a ning\u00fan paciente en particular o tercero pagador. Sensormedica se exime de toda responsabilidad por cualquier consecuencia derivada de confiar en este documento. La decisi\u00f3n final sobre la facturaci\u00f3n de cualquier servicio debe tomarla el proveedor de atenci\u00f3n m\u00e9dica considerando la necesidad m\u00e9dica del servicio brindado, as\u00ed como los requisitos de los terceros pagadores y cualquier ley y reglamento local, estatal o federal que corresponda. Sensormedica proporciona esta informaci\u00f3n con fines educativos con el entendimiento de que Sensormedica no se dedica a prestar servicios contables u otros servicios profesionales. Los proveedores de atenci\u00f3n m\u00e9dica deben consultar con sus propios asesores con respecto a la codificaci\u00f3n, la cobertura y el pago.<\/p><p>CPT\u00ae copyright 2022 Asociaci\u00f3n M\u00e9dica Estadounidense. Reservados todos los derechos. CPT\u00ae es una marca registrada de la Asociaci\u00f3n M\u00e9dica Estadounidense. Las restricciones aplicables de FARS\/DFARS se aplican al uso gubernamental. La AMA no asigna listas de tarifas, unidades de valor relativo, factores de conversi\u00f3n y\/o componentes relacionados, no forman parte del CPT y la AMA no recomienda su uso. La AMA no practica ni directa ni indirectamente la medicina ni dispensa servicios m\u00e9dicos. La AMA no asume ninguna responsabilidad por los datos contenidos o no contenidos en este documento.<\/p>\t\t\t\t\t\t<\/div>\n\t\t\t\t<\/div>\n\t\t\t\t\t<\/div>\n\t\t<\/div>\n\t\t\t\t\t<\/div>\n\t\t<\/section>\n\t\t\t\t<\/div>","protected":false},"excerpt":{"rendered":"<p>Servicios proporcionados como parte de la toma de decisiones terap\u00e9uticas\/diagn\u00f3sticas importantes. Servicios proporcionados en un departamento dedicado de an\u00e1lisis de movimiento con estas capacidades: Cin\u00e9tica 3D\/electromiograf\u00eda din\u00e1mica Cinem\u00e1tica 3D computarizada Grabaci\u00f3n de video desde adelante\/atr\u00e1s\/ambos lados An\u00e1lisis de marcha 3DCPT\u00ae 96001 \u2013 Prueba de movimiento 3D con an\u00e1lisis de presi\u00f3n del pieCPT\u00ae 96004 \u2013 Interpretaci\u00f3n m\u00e9dica de la prueba de movimiento Sensor Medica Systems: Moover Gait + freeMed Walkways...<\/p>\n<p class=\"read-more\"> <a class=\"\" href=\"https:\/\/www.sensormedica.com\/es\/billing-and-coding-guidance\/\"> <span class=\"screen-reader-text\">Gu\u00eda de facturaci\u00f3n y codificaci\u00f3n<\/span> Leer m\u00e1s \u00bb<\/a><\/p>","protected":false},"author":1,"featured_media":0,"parent":0,"menu_order":0,"comment_status":"closed","ping_status":"closed","template":"","meta":{"site-sidebar-layout":"no-sidebar","site-content-layout":"page-builder","ast-site-content-layout":"","site-content-style":"default","site-sidebar-style":"default","ast-global-header-display":"","ast-banner-title-visibility":"","ast-main-header-display":"","ast-hfb-above-header-display":"","ast-hfb-below-header-display":"","ast-hfb-mobile-header-display":"","site-post-title":"disabled","ast-breadcrumbs-content":"","ast-featured-img":"disabled","footer-sml-layout":"","theme-transparent-header-meta":"","adv-header-id-meta":"","stick-header-meta":"","header-above-stick-meta":"","header-main-stick-meta":"","header-below-stick-meta":"","astra-migrate-meta-layouts":"","footnotes":""},"class_list":["post-1176","page","type-page","status-publish","hentry"],"yoast_head":"<!-- This site is optimized with the Yoast SEO Premium plugin v21.6 (Yoast SEO v21.6) - https:\/\/yoast.com\/wordpress\/plugins\/seo\/ -->\n<title>Billing and Coding Guidance - Sensor Medica<\/title>\n<meta name=\"robots\" content=\"index, follow, max-snippet:-1, max-image-preview:large, max-video-preview:-1\" \/>\n<link rel=\"canonical\" href=\"https:\/\/www.sensormedica.com\/es\/billing-and-coding-guidance\/\" \/>\n<meta property=\"og:locale\" content=\"es_ES\" \/>\n<meta property=\"og:type\" content=\"article\" \/>\n<meta property=\"og:title\" content=\"Billing and Coding Guidance\" \/>\n<meta property=\"og:description\" content=\"Services provided as part major therapeutic\/diagnostic decision making. \u00a0Services provided in dedicated motion analysis department with these capabilities: 3D kinetics\/dynamic electromyography Computerized 3D kinematics Videotaping from front\/back\/both sides 3D Gait AnalysisCPT\u00ae 96001 &#8211; 3D Motion test w\/ foot pressure analysisCPT\u00ae 96004 &#8211; Physician interpretation of motion test Sensor Medica Systems: Moover Gait + freeMed Walkways &hellip; Billing and Coding Guidance Leer m\u00e1s &raquo;\" \/>\n<meta property=\"og:url\" content=\"https:\/\/www.sensormedica.com\/es\/billing-and-coding-guidance\/\" \/>\n<meta property=\"og:site_name\" content=\"Sensor Medica\" \/>\n<meta property=\"article:modified_time\" content=\"2025-05-20T06:01:27+00:00\" \/>\n<meta name=\"twitter:card\" content=\"summary_large_image\" \/>\n<meta name=\"twitter:label1\" content=\"Tiempo de lectura\" \/>\n\t<meta name=\"twitter:data1\" content=\"4 minutos\" \/>\n<script type=\"application\/ld+json\" class=\"yoast-schema-graph\">{\"@context\":\"https:\/\/schema.org\",\"@graph\":[{\"@type\":\"WebPage\",\"@id\":\"https:\/\/www.sensormedica.com\/billing-and-coding-guidance\/\",\"url\":\"https:\/\/www.sensormedica.com\/billing-and-coding-guidance\/\",\"name\":\"Billing and Coding Guidance - Sensor Medica\",\"isPartOf\":{\"@id\":\"https:\/\/www.sensormedica.com\/#website\"},\"datePublished\":\"2023-03-24T08:49:45+00:00\",\"dateModified\":\"2025-05-20T06:01:27+00:00\",\"breadcrumb\":{\"@id\":\"https:\/\/www.sensormedica.com\/billing-and-coding-guidance\/#breadcrumb\"},\"inLanguage\":\"es\",\"potentialAction\":[{\"@type\":\"ReadAction\",\"target\":[\"https:\/\/www.sensormedica.com\/billing-and-coding-guidance\/\"]}]},{\"@type\":\"BreadcrumbList\",\"@id\":\"https:\/\/www.sensormedica.com\/billing-and-coding-guidance\/#breadcrumb\",\"itemListElement\":[{\"@type\":\"ListItem\",\"position\":1,\"name\":\"Home\",\"item\":\"https:\/\/www.sensormedica.com\/\"},{\"@type\":\"ListItem\",\"position\":2,\"name\":\"Billing and Coding Guidance\"}]},{\"@type\":\"WebSite\",\"@id\":\"https:\/\/www.sensormedica.com\/#website\",\"url\":\"https:\/\/www.sensormedica.com\/\",\"name\":\"Sensor Medica\",\"description\":\"Technology in Motion\",\"potentialAction\":[{\"@type\":\"SearchAction\",\"target\":{\"@type\":\"EntryPoint\",\"urlTemplate\":\"https:\/\/www.sensormedica.com\/?s={search_term_string}\"},\"query-input\":\"required name=search_term_string\"}],\"inLanguage\":\"es\"}]}<\/script>\n<!-- \/ Yoast SEO Premium plugin. -->","yoast_head_json":{"title":"Billing and Coding Guidance - Sensor Medica","robots":{"index":"index","follow":"follow","max-snippet":"max-snippet:-1","max-image-preview":"max-image-preview:large","max-video-preview":"max-video-preview:-1"},"canonical":"https:\/\/www.sensormedica.com\/es\/billing-and-coding-guidance\/","og_locale":"es_ES","og_type":"article","og_title":"Billing and Coding Guidance","og_description":"Services provided as part major therapeutic\/diagnostic decision making. \u00a0Services provided in dedicated motion analysis department with these capabilities: 3D kinetics\/dynamic electromyography Computerized 3D kinematics Videotaping from front\/back\/both sides 3D Gait AnalysisCPT\u00ae 96001 &#8211; 3D Motion test w\/ foot pressure analysisCPT\u00ae 96004 &#8211; Physician interpretation of motion test Sensor Medica Systems: Moover Gait + freeMed Walkways &hellip; Billing and Coding Guidance Leer m\u00e1s &raquo;","og_url":"https:\/\/www.sensormedica.com\/es\/billing-and-coding-guidance\/","og_site_name":"Sensor Medica","article_modified_time":"2025-05-20T06:01:27+00:00","twitter_card":"summary_large_image","twitter_misc":{"Tiempo de lectura":"4 minutos"},"schema":{"@context":"https:\/\/schema.org","@graph":[{"@type":"WebPage","@id":"https:\/\/www.sensormedica.com\/billing-and-coding-guidance\/","url":"https:\/\/www.sensormedica.com\/billing-and-coding-guidance\/","name":"Billing and Coding Guidance - Sensor Medica","isPartOf":{"@id":"https:\/\/www.sensormedica.com\/#website"},"datePublished":"2023-03-24T08:49:45+00:00","dateModified":"2025-05-20T06:01:27+00:00","breadcrumb":{"@id":"https:\/\/www.sensormedica.com\/billing-and-coding-guidance\/#breadcrumb"},"inLanguage":"es","potentialAction":[{"@type":"ReadAction","target":["https:\/\/www.sensormedica.com\/billing-and-coding-guidance\/"]}]},{"@type":"BreadcrumbList","@id":"https:\/\/www.sensormedica.com\/billing-and-coding-guidance\/#breadcrumb","itemListElement":[{"@type":"ListItem","position":1,"name":"Home","item":"https:\/\/www.sensormedica.com\/"},{"@type":"ListItem","position":2,"name":"Billing and Coding Guidance"}]},{"@type":"WebSite","@id":"https:\/\/www.sensormedica.com\/#website","url":"https:\/\/www.sensormedica.com\/","name":"Sensor Medica","description":"Technology in Motion","potentialAction":[{"@type":"SearchAction","target":{"@type":"EntryPoint","urlTemplate":"https:\/\/www.sensormedica.com\/?s={search_term_string}"},"query-input":"required name=search_term_string"}],"inLanguage":"es"}]}},"_links":{"self":[{"href":"https:\/\/www.sensormedica.com\/es\/wp-json\/wp\/v2\/pages\/1176","targetHints":{"allow":["GET"]}}],"collection":[{"href":"https:\/\/www.sensormedica.com\/es\/wp-json\/wp\/v2\/pages"}],"about":[{"href":"https:\/\/www.sensormedica.com\/es\/wp-json\/wp\/v2\/types\/page"}],"author":[{"embeddable":true,"href":"https:\/\/www.sensormedica.com\/es\/wp-json\/wp\/v2\/users\/1"}],"replies":[{"embeddable":true,"href":"https:\/\/www.sensormedica.com\/es\/wp-json\/wp\/v2\/comments?post=1176"}],"version-history":[{"count":1,"href":"https:\/\/www.sensormedica.com\/es\/wp-json\/wp\/v2\/pages\/1176\/revisions"}],"predecessor-version":[{"id":12698,"href":"https:\/\/www.sensormedica.com\/es\/wp-json\/wp\/v2\/pages\/1176\/revisions\/12698"}],"wp:attachment":[{"href":"https:\/\/www.sensormedica.com\/es\/wp-json\/wp\/v2\/media?parent=1176"}],"curies":[{"name":"wp","href":"https:\/\/api.w.org\/{rel}","templated":true}]}}