{"id":1176,"date":"2023-03-24T08:49:45","date_gmt":"2023-03-24T08:49:45","guid":{"rendered":"https:\/\/www.sensormedica.com\/?page_id=1176"},"modified":"2025-05-20T06:01:27","modified_gmt":"2025-05-20T06:01:27","slug":"billing-and-coding-guidance","status":"publish","type":"page","link":"https:\/\/www.sensormedica.com\/de\/billing-and-coding-guidance\/","title":{"rendered":"Abrechnungs- und Kodierungsleitfaden"},"content":{"rendered":"<div data-elementor-type=\"wp-page\" data-elementor-id=\"1176\" class=\"elementor elementor-1176\" data-elementor-post-type=\"page\">\n\t\t\t\t\t\t<section class=\"elementor-section elementor-top-section elementor-element elementor-element-782a3e08 elementor-section-height-min-height elementor-section-boxed elementor-section-height-default elementor-section-items-middle\" data-id=\"782a3e08\" data-element_type=\"section\" data-settings=\"{&quot;background_background&quot;:&quot;classic&quot;}\">\n\t\t\t\t\t\t\t<div class=\"elementor-background-overlay\"><\/div>\n\t\t\t\t\t\t\t<div class=\"elementor-container elementor-column-gap-default\">\n\t\t\t\t\t<div class=\"elementor-column elementor-col-100 elementor-top-column elementor-element elementor-element-67e7a957\" data-id=\"67e7a957\" data-element_type=\"column\">\n\t\t\t<div class=\"elementor-widget-wrap elementor-element-populated\">\n\t\t\t\t\t\t<div class=\"elementor-element elementor-element-19172bda elementor-widget__width-initial elementor-widget elementor-widget-heading\" data-id=\"19172bda\" data-element_type=\"widget\" data-widget_type=\"heading.default\">\n\t\t\t\t<div class=\"elementor-widget-container\">\n\t\t\t<style>\/*! elementor - v3.23.0 - 05-08-2024 *\/\n.elementor-heading-title{padding:0;margin:0;line-height:1}.elementor-widget-heading .elementor-heading-title[class*=elementor-size-]>a{color:inherit;font-size:inherit;line-height:inherit}.elementor-widget-heading .elementor-heading-title.elementor-size-small{font-size:15px}.elementor-widget-heading .elementor-heading-title.elementor-size-medium{font-size:19px}.elementor-widget-heading .elementor-heading-title.elementor-size-large{font-size:29px}.elementor-widget-heading .elementor-heading-title.elementor-size-xl{font-size:39px}.elementor-widget-heading .elementor-heading-title.elementor-size-xxl{font-size:59px}<\/style><h2 class=\"elementor-heading-title elementor-size-default\">Abrechnungs- und Kodierungsleitfaden<\/h2>\t\t<\/div>\n\t\t\t\t<\/div>\n\t\t\t\t\t<\/div>\n\t\t<\/div>\n\t\t\t\t\t<\/div>\n\t\t<\/section>\n\t\t\t\t<section class=\"elementor-section elementor-top-section elementor-element elementor-element-3da9a87 elementor-section-boxed elementor-section-height-default elementor-section-height-default\" data-id=\"3da9a87\" data-element_type=\"section\" data-settings=\"{&quot;background_background&quot;:&quot;classic&quot;}\">\n\t\t\t\t\t\t<div class=\"elementor-container elementor-column-gap-default\">\n\t\t\t\t\t<div class=\"elementor-column elementor-col-100 elementor-top-column elementor-element elementor-element-29cff25\" data-id=\"29cff25\" data-element_type=\"column\">\n\t\t\t<div class=\"elementor-widget-wrap elementor-element-populated\">\n\t\t\t\t\t\t<div class=\"elementor-element elementor-element-f48099a elementor-widget elementor-widget-text-editor\" data-id=\"f48099a\" data-element_type=\"widget\" data-widget_type=\"text-editor.default\">\n\t\t\t\t<div class=\"elementor-widget-container\">\n\t\t\t<style>\/*! elementor - v3.23.0 - 05-08-2024 *\/\n.elementor-widget-text-editor.elementor-drop-cap-view-stacked .elementor-drop-cap{background-color:#69727d;color:#fff}.elementor-widget-text-editor.elementor-drop-cap-view-framed .elementor-drop-cap{color:#69727d;border:3px solid;background-color:transparent}.elementor-widget-text-editor:not(.elementor-drop-cap-view-default) .elementor-drop-cap{margin-top:8px}.elementor-widget-text-editor:not(.elementor-drop-cap-view-default) .elementor-drop-cap-letter{width:1em;height:1em}.elementor-widget-text-editor .elementor-drop-cap{float:left;text-align:center;line-height:1;font-size:50px}.elementor-widget-text-editor .elementor-drop-cap-letter{display:inline-block}<\/style>\t\t\t\t<p><strong>Dienstleistungen, die im Rahmen wichtiger therapeutischer\/diagnostischer Entscheidungen bereitgestellt werden. Dienstleistungen, die in einer speziellen Bewegungsanalyseabteilung mit folgenden F\u00e4higkeiten bereitgestellt werden: 3D-Kinetik\/dynamische Elektromyographie, computergest\u00fctzte 3D-Kinematik, Videoaufzeichnung von vorne\/hinten\/von beiden Seiten<\/strong><\/p><p><strong>3D-Ganganalyse<\/strong><br \/><strong>CPT\u00ae 96001 \u2013 3D-Bewegungstest mit Fu\u00dfdruckanalyse<\/strong><br \/><strong>CPT\u00ae 96004 \u2013 \u00c4rztliche Interpretation des Bewegungstests<\/strong><\/p><p>Sensor Medica-Systeme:<\/p><ul><li><strong>Moover<\/strong> Gang + <strong>freeMed <\/strong>Gehwege + Videokameras (mindestens 2)<\/li><li><strong>Moover<\/strong> Gang + <strong>FlexInFit <\/strong>Sensoren im Schuh + Videokameras (mindestens 2)<\/li><li><strong>Moover <\/strong>Gang + <strong>Runtime <\/strong>Laufband + Videokameras (mindestens 2)<\/li><\/ul><p>Die Analyse menschlicher Bewegungen hat verschiedene Anwendungen, darunter biomedizinische und sportliche Leistungen. Zur Durchf\u00fchrung einer biomedizinischen Analyse werden Patientenbewegungen erfasst, digitalisiert, auf den Computer kopiert und verarbeitet. Bei der Berechnung der Netto-Gelenkmomente wird beispielsweise die Gelenkmitte mithilfe eines lokalen Koordinatensystems berechnet, das aus K\u00f6rpermarkern erstellt wird. Bei der Verfolgung von Markierungen in 3D mithilfe von Video werden zwei oder mehr Kameras verwendet, um die Markierungen zu identifizieren. Nachdem alle Parameter gefunden wurden, k\u00f6nnen die resultierenden Nettogelenkkr\u00e4fte und -bewegungen berechnet werden. Bei der 3D-Kinematik werden die Gelenkzentren f\u00fcr die ersten Bilder der aufgezeichneten Sequenz digitalisiert. Zur Beurteilung der horizontalen und vertikalen Bewegung k\u00f6nnen lineare Bewegungsparameter gemessen werden. Au\u00dferdem k\u00f6nnen Winkelparameter die Bewegungsgrade der Gelenke messen, um spezifische Gelenkbewegungen zu analysieren. In\u00a0<span style=\"color: #ff6600;\"><a style=\"color: #ff6600;\" href=\"https:\/\/www.encoderpro.com\/epro\/cptHandler.do?_k=101*96001&amp;_a=view\"><strong>96001<\/strong><\/a><\/span>Bei der Durchf\u00fchrung dynamischer Fu\u00dfsohlendruckmessungen werden Daten mithilfe einer Drucksensorplattform erfasst, die auf einem Gehweg positioniert ist. Der Patient geht den Gehweg entlang, damit Druckdaten in Bereichen des Fu\u00dfes (z. B. Ferse, Mittelfu\u00dfk\u00f6pfchen und Hallux) analysiert werden k\u00f6nnen. Der Spitzendruck wird in allen Bereichen bestimmt und der h\u00f6chste Druck aller Standorte (dh der Spitzendruckfu\u00df) wird gemessen. Bericht\u00a0<span style=\"color: #ff6600;\"><a style=\"color: #ff6600;\" href=\"https:\/\/www.encoderpro.com\/epro\/cptHandler.do?_k=101*96004&amp;_a=view\"><strong>96004<\/strong><\/a>\u00a0<\/span>zus\u00e4tzlich zu jedem dieser Codes f\u00fcr die \u00e4rztliche \u00dcberpr\u00fcfung und Interpretation der Ergebnisse, einschlie\u00dflich des schriftlichen Berichts des Arztes.<\/p><p><strong>EMG<br \/>CPT\u00ae 96002 \u2013 Dynamische Oberfl\u00e4chenelektromyographie, beim Gehen oder anderen funktionellen Aktivit\u00e4ten 1\u201312 Muskeln<\/strong><\/p><p>SensorMedica-Systeme:<\/p><ul><li><strong>EMG<\/strong><\/li><\/ul><p>Elektroden, die parallel zur Faserrichtung der Muskelfaser am Muskelbauch angebracht werden, erfassen ein elektrisches Signal, das von aktiven Muskeln kommt (der Patient ist w\u00e4hrend des Tests in Bewegung). Die St\u00e4rke und das Muster des Signals werden auf einem Computerbildschirm angezeigt und die Daten werden in einem Softwareprogramm gesammelt, das verschiedene Analysen der Daten durchf\u00fchren kann, um n\u00fctzliche Berichte \u00fcber die Muskelfunktion zu erstellen. Die Ganganalyse erm\u00f6glicht es dem Kliniker beispielsweise, zeitnormale Aktivierungsmuster separat f\u00fcr Stand- und Schwungphasen zwischen den Bedingungen oder anhand von Datenbankwerten zu analysieren. Bericht\u00a0<span style=\"color: #ff6600;\"><a style=\"color: #ff6600;\" href=\"https:\/\/www.encoderpro.com\/epro\/cptHandler.do?_k=101*96002&amp;_a=view\"><strong>96002<\/strong><\/a>\u00a0<\/span>f\u00fcr eine Studie von einem bis\u00a0<span style=\"color: #ff6600;\"><a style=\"color: #ff6600;\" href=\"https:\/\/www.encoderpro.com\/epro\/i9v3Handler.do?_k=104*12&amp;_a=view\"><strong>12<\/strong><\/a>\u00a0<\/span>Muskeln.<\/p><p><strong>Wenn Sie einen Ergo- und\/oder Physiotherapeuten in Ihrer Praxis haben<\/strong><\/p><p><strong>Assistive Technologiebewertung<\/strong><br \/><strong>CPT\u00ae 97755 \u2013 Rechnung 2 Einheiten<\/strong><br \/>2D-Gangbeurteilung, Gleichgewichtstest<\/p><p>Sensor Medica-Systeme:<\/p><ul><li><strong>freeMed <\/strong>Gehwege<\/li><li><strong>FlexInFit <\/strong>Sensoren im Schuh<\/li><li><strong>Runtime <\/strong>Treadmill<\/li><\/ul><p>Ein Gesundheitsdienstleister f\u00fchrt eine Beurteilung der Eignung und des Nutzens der Anschaffung eines unterst\u00fctzenden technischen Ger\u00e4ts oder einer Ausr\u00fcstung durch, die die bestehende Funktionsf\u00e4higkeit des Patienten wiederherstellt, erweitert oder ausgleicht oder die funktionelle Aufgaben optimiert und\/oder die Zug\u00e4nglichkeit der Umwelt f\u00fcr den Patienten maximiert. Dieser Code wird f\u00fcr die pers\u00f6nliche Kontaktzeit mit dem Patienten angegeben\u00a0<span style=\"color: #ff6600;\"><a style=\"color: #ff6600;\" href=\"https:\/\/www.encoderpro.com\/epro\/i9v3Handler.do?_k=104*15&amp;_a=view\">15<\/a>\u00a0<\/span>Protokoll und umfasst die Erstellung eines schriftlichen Berichts.<\/p><p><strong>K\u00f6rperlicher Leistungstest<\/strong><br \/><strong>CPT\u00ae 97750 \u2013 Rechnung 2 Einheiten<\/strong><br \/>Bewegungsfreiheit<\/p><p>Sensor Medica-Systeme:<\/p><ul><li><strong>Moover One <\/strong>Bewegungsfreiheit<\/li><\/ul><p>Der Gesundheitsdienstleister f\u00fchrt einen Test der k\u00f6rperlichen Leistungsf\u00e4higkeit durch, bei dem die Funktion eines oder mehrerer K\u00f6rperbereiche beurteilt wird, und bewertet die Funktionsf\u00e4higkeit. Ein schriftlicher Bericht liegt bei. Dies erfolgt zus\u00e4tzlich zu einer routinem\u00e4\u00dfigen Bewertung oder Neubewertung (<span style=\"color: #ff6600;\"><a style=\"color: #ff6600;\" href=\"https:\/\/www.encoderpro.com\/epro\/cptHandler.do?_k=101*97161&amp;_a=view\"><strong>97161<\/strong><\/a><\/span>&#8211;<span style=\"color: #ff6600;\"><a style=\"color: #ff6600;\" href=\"https:\/\/www.encoderpro.com\/epro\/cptHandler.do?_k=101*97172&amp;_a=view\"><strong>97172<\/strong><\/a><\/span>). Dieser Code kann gemeldet werden\u00a0<span style=\"color: #ff6600;\"><a style=\"color: #ff6600;\" href=\"https:\/\/www.encoderpro.com\/epro\/i9v3Handler.do?_k=104*15&amp;_a=view\"><strong>15<\/strong><\/a><\/span>Minutenschritten.<\/p>\t\t\t\t\t\t<\/div>\n\t\t\t\t<\/div>\n\t\t\t\t<div class=\"elementor-element elementor-element-4f8c341 elementor-widget elementor-widget-text-editor\" data-id=\"4f8c341\" data-element_type=\"widget\" data-widget_type=\"text-editor.default\">\n\t\t\t\t<div class=\"elementor-widget-container\">\n\t\t\t\t\t\t\t<p><span style=\"font-size: 14pt;\"><strong>Diese Erkl\u00e4rungen sollten immer dann hinzugef\u00fcgt werden, wenn Sie von einer Erstattung sprechen.<br \/><\/strong><\/span>Sensormedica \u00fcbernimmt keine Zusicherung oder Garantie daf\u00fcr, dass diese Informationen vollst\u00e4ndig, richtig oder auf einen bestimmten Patienten oder Drittzahler anwendbar sind. Sensormedica lehnt jegliche Haftung f\u00fcr etwaige Folgen ab, die sich aus dem Vertrauen auf dieses Dokument ergeben. Die endg\u00fcltige Entscheidung \u00fcber die Abrechnung einer Leistung muss vom Gesundheitsdienstleister unter Ber\u00fccksichtigung der medizinischen Notwendigkeit der erbrachten Leistung sowie der Anforderungen von Drittzahlern und aller geltenden lokalen, staatlichen oder bundesstaatlichen Gesetze und Vorschriften getroffen werden. Sensormedica stellt diese Informationen zu Bildungszwecken zur Verf\u00fcgung, mit der Ma\u00dfgabe, dass Sensormedica nicht an der Erbringung von Buchhaltungs- oder anderen professionellen Dienstleistungen beteiligt ist. Gesundheitsdienstleister sollten ihre eigenen Berater bez\u00fcglich Kodierung, Versicherungsschutz und Bezahlung konsultieren.<\/p><p>CPT\u00ae Copyright 2022 American Medical Association. Alle Rechte vorbehalten. CPT\u00ae ist eine eingetragene Marke der American Medical Association. F\u00fcr die Nutzung durch die Regierung gelten die geltenden FARS\/DFARS-Einschr\u00e4nkungen. Geb\u00fchrenpl\u00e4ne, relative Werteinheiten, Umrechnungsfaktoren und\/oder zugeh\u00f6rige Komponenten werden nicht von der AMA zugewiesen, sind nicht Teil des CPT und die AMA empfiehlt ihre Verwendung nicht. Die AMA \u00fcbt weder direkt noch indirekt Medizin aus und erbringt keine medizinischen Dienstleistungen. Die AMA \u00fcbernimmt keine Haftung f\u00fcr hierin enthaltene oder nicht enthaltene Daten.<\/p>\t\t\t\t\t\t<\/div>\n\t\t\t\t<\/div>\n\t\t\t\t\t<\/div>\n\t\t<\/div>\n\t\t\t\t\t<\/div>\n\t\t<\/section>\n\t\t\t\t<\/div>","protected":false},"excerpt":{"rendered":"<p>Dienstleistungen, die im Rahmen wichtiger therapeutischer\/diagnostischer Entscheidungen bereitgestellt werden. Dienstleistungen, die in einer speziellen Bewegungsanalyseabteilung mit folgenden Funktionen bereitgestellt werden: 3D-Kinetik\/dynamische Elektromyographie Computergest\u00fctzte 3D-Kinematik Videoaufzeichnung von vorne\/hinten\/beidseitig 3D-GanganalyseCPT\u00ae 96001 \u2013 3D-Bewegungstest mit Fu\u00dfdruckanalyseCPT\u00ae 96004 \u2013 \u00c4rztliche Interpretation des Bewegungstestsensors Medica Systems: Moover Gait + freeMed Walkways \u2026<\/p>\n<p class=\"read-more\"> <a class=\"\" href=\"https:\/\/www.sensormedica.com\/de\/billing-and-coding-guidance\/\"> <span class=\"screen-reader-text\">Abrechnungs- und Kodierungsleitfaden<\/span> Weiterlesen \u00bb<\/a><\/p>","protected":false},"author":1,"featured_media":0,"parent":0,"menu_order":0,"comment_status":"closed","ping_status":"closed","template":"","meta":{"site-sidebar-layout":"no-sidebar","site-content-layout":"page-builder","ast-site-content-layout":"","site-content-style":"default","site-sidebar-style":"default","ast-global-header-display":"","ast-banner-title-visibility":"","ast-main-header-display":"","ast-hfb-above-header-display":"","ast-hfb-below-header-display":"","ast-hfb-mobile-header-display":"","site-post-title":"disabled","ast-breadcrumbs-content":"","ast-featured-img":"disabled","footer-sml-layout":"","theme-transparent-header-meta":"","adv-header-id-meta":"","stick-header-meta":"","header-above-stick-meta":"","header-main-stick-meta":"","header-below-stick-meta":"","astra-migrate-meta-layouts":"","footnotes":""},"class_list":["post-1176","page","type-page","status-publish","hentry"],"yoast_head":"<!-- This site is optimized with the Yoast SEO Premium plugin v21.6 (Yoast SEO v21.6) - https:\/\/yoast.com\/wordpress\/plugins\/seo\/ -->\n<title>Billing and Coding Guidance - Sensor Medica<\/title>\n<meta name=\"robots\" content=\"index, follow, max-snippet:-1, max-image-preview:large, max-video-preview:-1\" \/>\n<link rel=\"canonical\" href=\"https:\/\/www.sensormedica.com\/de\/billing-and-coding-guidance\/\" \/>\n<meta property=\"og:locale\" content=\"de_DE\" \/>\n<meta property=\"og:type\" content=\"article\" \/>\n<meta property=\"og:title\" content=\"Billing and Coding Guidance\" \/>\n<meta property=\"og:description\" content=\"Services provided as part major therapeutic\/diagnostic decision making. \u00a0Services provided in dedicated motion analysis department with these capabilities: 3D kinetics\/dynamic electromyography Computerized 3D kinematics Videotaping from front\/back\/both sides 3D Gait AnalysisCPT\u00ae 96001 &#8211; 3D Motion test w\/ foot pressure analysisCPT\u00ae 96004 &#8211; Physician interpretation of motion test Sensor Medica Systems: Moover Gait + freeMed Walkways &hellip; Billing and Coding Guidance Weiterlesen &raquo;\" \/>\n<meta property=\"og:url\" content=\"https:\/\/www.sensormedica.com\/de\/billing-and-coding-guidance\/\" \/>\n<meta property=\"og:site_name\" content=\"Sensor Medica\" \/>\n<meta property=\"article:modified_time\" content=\"2025-05-20T06:01:27+00:00\" \/>\n<meta name=\"twitter:card\" content=\"summary_large_image\" \/>\n<meta name=\"twitter:label1\" content=\"Gesch\u00e4tzte Lesezeit\" \/>\n\t<meta name=\"twitter:data1\" content=\"4\u00a0Minuten\" \/>\n<script type=\"application\/ld+json\" class=\"yoast-schema-graph\">{\"@context\":\"https:\/\/schema.org\",\"@graph\":[{\"@type\":\"WebPage\",\"@id\":\"https:\/\/www.sensormedica.com\/billing-and-coding-guidance\/\",\"url\":\"https:\/\/www.sensormedica.com\/billing-and-coding-guidance\/\",\"name\":\"Billing and Coding Guidance - Sensor Medica\",\"isPartOf\":{\"@id\":\"https:\/\/www.sensormedica.com\/#website\"},\"datePublished\":\"2023-03-24T08:49:45+00:00\",\"dateModified\":\"2025-05-20T06:01:27+00:00\",\"breadcrumb\":{\"@id\":\"https:\/\/www.sensormedica.com\/billing-and-coding-guidance\/#breadcrumb\"},\"inLanguage\":\"de\",\"potentialAction\":[{\"@type\":\"ReadAction\",\"target\":[\"https:\/\/www.sensormedica.com\/billing-and-coding-guidance\/\"]}]},{\"@type\":\"BreadcrumbList\",\"@id\":\"https:\/\/www.sensormedica.com\/billing-and-coding-guidance\/#breadcrumb\",\"itemListElement\":[{\"@type\":\"ListItem\",\"position\":1,\"name\":\"Home\",\"item\":\"https:\/\/www.sensormedica.com\/\"},{\"@type\":\"ListItem\",\"position\":2,\"name\":\"Billing and Coding Guidance\"}]},{\"@type\":\"WebSite\",\"@id\":\"https:\/\/www.sensormedica.com\/#website\",\"url\":\"https:\/\/www.sensormedica.com\/\",\"name\":\"Sensor Medica\",\"description\":\"Technology in Motion\",\"potentialAction\":[{\"@type\":\"SearchAction\",\"target\":{\"@type\":\"EntryPoint\",\"urlTemplate\":\"https:\/\/www.sensormedica.com\/?s={search_term_string}\"},\"query-input\":\"required name=search_term_string\"}],\"inLanguage\":\"de\"}]}<\/script>\n<!-- \/ Yoast SEO Premium plugin. -->","yoast_head_json":{"title":"Billing and Coding Guidance - Sensor Medica","robots":{"index":"index","follow":"follow","max-snippet":"max-snippet:-1","max-image-preview":"max-image-preview:large","max-video-preview":"max-video-preview:-1"},"canonical":"https:\/\/www.sensormedica.com\/de\/billing-and-coding-guidance\/","og_locale":"de_DE","og_type":"article","og_title":"Billing and Coding Guidance","og_description":"Services provided as part major therapeutic\/diagnostic decision making. \u00a0Services provided in dedicated motion analysis department with these capabilities: 3D kinetics\/dynamic electromyography Computerized 3D kinematics Videotaping from front\/back\/both sides 3D Gait AnalysisCPT\u00ae 96001 &#8211; 3D Motion test w\/ foot pressure analysisCPT\u00ae 96004 &#8211; Physician interpretation of motion test Sensor Medica Systems: Moover Gait + freeMed Walkways &hellip; Billing and Coding Guidance Weiterlesen &raquo;","og_url":"https:\/\/www.sensormedica.com\/de\/billing-and-coding-guidance\/","og_site_name":"Sensor Medica","article_modified_time":"2025-05-20T06:01:27+00:00","twitter_card":"summary_large_image","twitter_misc":{"Gesch\u00e4tzte Lesezeit":"4\u00a0Minuten"},"schema":{"@context":"https:\/\/schema.org","@graph":[{"@type":"WebPage","@id":"https:\/\/www.sensormedica.com\/billing-and-coding-guidance\/","url":"https:\/\/www.sensormedica.com\/billing-and-coding-guidance\/","name":"Billing and Coding Guidance - Sensor Medica","isPartOf":{"@id":"https:\/\/www.sensormedica.com\/#website"},"datePublished":"2023-03-24T08:49:45+00:00","dateModified":"2025-05-20T06:01:27+00:00","breadcrumb":{"@id":"https:\/\/www.sensormedica.com\/billing-and-coding-guidance\/#breadcrumb"},"inLanguage":"de","potentialAction":[{"@type":"ReadAction","target":["https:\/\/www.sensormedica.com\/billing-and-coding-guidance\/"]}]},{"@type":"BreadcrumbList","@id":"https:\/\/www.sensormedica.com\/billing-and-coding-guidance\/#breadcrumb","itemListElement":[{"@type":"ListItem","position":1,"name":"Home","item":"https:\/\/www.sensormedica.com\/"},{"@type":"ListItem","position":2,"name":"Billing and Coding Guidance"}]},{"@type":"WebSite","@id":"https:\/\/www.sensormedica.com\/#website","url":"https:\/\/www.sensormedica.com\/","name":"Sensor Medica","description":"Technology in Motion","potentialAction":[{"@type":"SearchAction","target":{"@type":"EntryPoint","urlTemplate":"https:\/\/www.sensormedica.com\/?s={search_term_string}"},"query-input":"required name=search_term_string"}],"inLanguage":"de"}]}},"_links":{"self":[{"href":"https:\/\/www.sensormedica.com\/de\/wp-json\/wp\/v2\/pages\/1176","targetHints":{"allow":["GET"]}}],"collection":[{"href":"https:\/\/www.sensormedica.com\/de\/wp-json\/wp\/v2\/pages"}],"about":[{"href":"https:\/\/www.sensormedica.com\/de\/wp-json\/wp\/v2\/types\/page"}],"author":[{"embeddable":true,"href":"https:\/\/www.sensormedica.com\/de\/wp-json\/wp\/v2\/users\/1"}],"replies":[{"embeddable":true,"href":"https:\/\/www.sensormedica.com\/de\/wp-json\/wp\/v2\/comments?post=1176"}],"version-history":[{"count":1,"href":"https:\/\/www.sensormedica.com\/de\/wp-json\/wp\/v2\/pages\/1176\/revisions"}],"predecessor-version":[{"id":12698,"href":"https:\/\/www.sensormedica.com\/de\/wp-json\/wp\/v2\/pages\/1176\/revisions\/12698"}],"wp:attachment":[{"href":"https:\/\/www.sensormedica.com\/de\/wp-json\/wp\/v2\/media?parent=1176"}],"curies":[{"name":"wp","href":"https:\/\/api.w.org\/{rel}","templated":true}]}}